{"id":37541,"date":"2023-12-01T01:01:34","date_gmt":"2023-12-01T01:01:34","guid":{"rendered":"https:\/\/globalendar.com\/?page_id=37541"},"modified":"2023-12-01T01:05:51","modified_gmt":"2023-12-01T01:05:51","slug":"modell-1-april-2024","status":"publish","type":"page","link":"https:\/\/globalendar.com\/de\/kalender-april-2024-zum-ausdrucken\/modell-1-april-2024\/","title":{"rendered":"Modell 1 April 2024"},"content":{"rendered":"<style>.kb-row-layout-id37541_8bd5f9-3b > .kt-row-column-wrap{align-content:start;}:where(.kb-row-layout-id37541_8bd5f9-3b > .kt-row-column-wrap) > .wp-block-kadence-column{justify-content:start;}.kb-row-layout-id37541_8bd5f9-3b > .kt-row-column-wrap{column-gap:var(--global-kb-gap-md, 2rem);row-gap:var(--global-kb-gap-md, 2rem);max-width:1100px;margin-left:auto;margin-right:auto;padding-top:var(--global-kb-spacing-xl, 4rem);padding-bottom:var(--global-kb-spacing-sm, 1.5rem);grid-template-columns:minmax(0, 1fr);}.kb-row-layout-id37541_8bd5f9-3b > .kt-row-layout-overlay{opacity:0.30;}@media all and (max-width: 1024px){.kb-row-layout-id37541_8bd5f9-3b > .kt-row-column-wrap{grid-template-columns:minmax(0, 1fr);}}@media all and (max-width: 767px){.kb-row-layout-id37541_8bd5f9-3b > .kt-row-column-wrap{grid-template-columns:minmax(0, 1fr);}}<\/style><div class=\"kb-row-layout-wrap kb-row-layout-id37541_8bd5f9-3b alignnone wp-block-kadence-rowlayout\"><div class=\"kt-row-column-wrap kt-has-1-columns kt-row-layout-equal kt-tab-layout-inherit kt-mobile-layout-row kt-row-valign-top\">\n<style>.kadence-column37541_fc7fa7-16 > .kt-inside-inner-col,.kadence-column37541_fc7fa7-16 > .kt-inside-inner-col:before{border-top-left-radius:0px;border-top-right-radius:0px;border-bottom-right-radius:0px;border-bottom-left-radius:0px;}.kadence-column37541_fc7fa7-16 > .kt-inside-inner-col{column-gap:var(--global-kb-gap-sm, 1rem);}.kadence-column37541_fc7fa7-16 > .kt-inside-inner-col{flex-direction:column;}.kadence-column37541_fc7fa7-16 > .kt-inside-inner-col > .aligncenter{width:100%;}.kadence-column37541_fc7fa7-16 > .kt-inside-inner-col:before{opacity:0.3;}.kadence-column37541_fc7fa7-16{position:relative;}@media all and (max-width: 1024px){.kadence-column37541_fc7fa7-16 > .kt-inside-inner-col{flex-direction:column;justify-content:center;}}@media all and (max-width: 767px){.kadence-column37541_fc7fa7-16 > .kt-inside-inner-col{flex-direction:column;justify-content:center;}}<\/style>\n<div class=\"wp-block-kadence-column kadence-column37541_fc7fa7-16 inner-column-1\"><div class=\"kt-inside-inner-col\"><style>.wp-block-kadence-advancedheading.kt-adv-heading37541_96e4ad-8e, .wp-block-kadence-advancedheading.kt-adv-heading37541_96e4ad-8e[data-kb-block=\"kb-adv-heading37541_96e4ad-8e\"]{padding-bottom:50px;text-align:center;font-size:40px;font-style:normal;}.wp-block-kadence-advancedheading.kt-adv-heading37541_96e4ad-8e mark.kt-highlight, .wp-block-kadence-advancedheading.kt-adv-heading37541_96e4ad-8e[data-kb-block=\"kb-adv-heading37541_96e4ad-8e\"] mark.kt-highlight{font-style:normal;color:#f76a0c;-webkit-box-decoration-break:clone;box-decoration-break:clone;padding-top:0px;padding-right:0px;padding-bottom:0px;padding-left:0px;}@media all and (max-width: 1024px){.wp-block-kadence-advancedheading.kt-adv-heading37541_96e4ad-8e, .wp-block-kadence-advancedheading.kt-adv-heading37541_96e4ad-8e[data-kb-block=\"kb-adv-heading37541_96e4ad-8e\"]{font-size:30px;}}<\/style>\n<h1 class=\"kt-adv-heading37541_96e4ad-8e wp-block-kadence-advancedheading\" data-kb-block=\"kb-adv-heading37541_96e4ad-8e\">Kalender f\u00fcr April 2024 zum Ausdrucken im PDF-Format<\/h1>\n\n\n\n<p>Dieses Design verbindet die Eleganz klassischer Linien mit der Klarheit einer modernen monatlichen \u00dcbersicht. Inspiriert von traditionellen Klassenzimmern und Vintage-B\u00fcros, bringt das Modell 1 Nostalgie in die Gegenwart und erm\u00f6glicht es Ihnen, Ihren Monat stilvoll und einfach zu organisieren.<\/p>\n\n\n\n<p>Vergessen Sie nicht, <strong>unsere Seite zu Ihren Google-Favoriten hinzuzuf\u00fcgen<\/strong>, um das n\u00e4chste Mal schneller und einfacher auf unsere kostenlosen Kalender zugreifen zu k\u00f6nnen.<\/p>\n\n\n<style>.wp-block-kadence-advancedheading.kt-adv-heading37541_73e491-8d, .wp-block-kadence-advancedheading.kt-adv-heading37541_73e491-8d[data-kb-block=\"kb-adv-heading37541_73e491-8d\"]{padding-bottom:30px;margin-top:0px;margin-bottom:var(--global-kb-spacing-lg, 3rem);text-align:center;font-style:normal;}.wp-block-kadence-advancedheading.kt-adv-heading37541_73e491-8d mark.kt-highlight, .wp-block-kadence-advancedheading.kt-adv-heading37541_73e491-8d[data-kb-block=\"kb-adv-heading37541_73e491-8d\"] mark.kt-highlight{font-style:normal;color:#f76a0c;-webkit-box-decoration-break:clone;box-decoration-break:clone;padding-top:0px;padding-right:0px;padding-bottom:0px;padding-left:0px;}<\/style>\n<h2 class=\"kt-adv-heading37541_73e491-8d wp-block-kadence-advancedheading has-theme-palette-9-color has-text-color has-theme-palette-7-background-color has-background\" data-kb-block=\"kb-adv-heading37541_73e491-8d\"><strong>Modell 1 \u2013 Klicken Sie auf Ihren Favoriten, um ihn im PDF-Format zu \u00f6ffnen<\/strong><\/h2>\n\n\n\n<script async=\"\" src=\"https:\/\/pagead2.googlesyndication.com\/pagead\/js\/adsbygoogle.js?client=ca-pub-7882301227072937\" crossorigin=\"anonymous\"><\/script>\n<!-- Globalendar -->\n<ins class=\"adsbygoogle\" style=\"display:block\" data-ad-client=\"ca-pub-7882301227072937\" data-ad-slot=\"2850993616\" data-ad-format=\"auto\" data-full-width-responsive=\"true\"><\/ins>\n<script>\n     (adsbygoogle = window.adsbygoogle || []).push({});\n<\/script>\n\n\n<style>.kb-row-layout-id37541_c3f753-a2 > .kt-row-column-wrap{align-content:start;}:where(.kb-row-layout-id37541_c3f753-a2 > .kt-row-column-wrap) > .wp-block-kadence-column{justify-content:start;}.kb-row-layout-id37541_c3f753-a2 > .kt-row-column-wrap{column-gap:var(--global-kb-gap-md, 2rem);row-gap:var(--global-kb-gap-md, 2rem);padding-top:var(--global-kb-spacing-sm, 1.5rem);padding-bottom:var(--global-kb-spacing-sm, 1.5rem);grid-template-columns:minmax(0, 1fr);}.kb-row-layout-id37541_c3f753-a2 > .kt-row-layout-overlay{opacity:0.30;}@media all and (max-width: 1024px){.kb-row-layout-id37541_c3f753-a2 > .kt-row-column-wrap{grid-template-columns:minmax(0, 1fr);}}@media all and (max-width: 767px){.kb-row-layout-id37541_c3f753-a2 > .kt-row-column-wrap{grid-template-columns:minmax(0, 1fr);}}<\/style><div class=\"kb-row-layout-wrap kb-row-layout-id37541_c3f753-a2 alignnone wp-block-kadence-rowlayout\"><div class=\"kt-row-column-wrap kt-has-1-columns kt-row-layout-equal kt-tab-layout-inherit kt-mobile-layout-row kt-row-valign-top\">\n<style>.kadence-column37541_221d2d-e3 > .kt-inside-inner-col,.kadence-column37541_221d2d-e3 > .kt-inside-inner-col:before{border-top-left-radius:0px;border-top-right-radius:0px;border-bottom-right-radius:0px;border-bottom-left-radius:0px;}.kadence-column37541_221d2d-e3 > .kt-inside-inner-col{column-gap:var(--global-kb-gap-sm, 1rem);}.kadence-column37541_221d2d-e3 > .kt-inside-inner-col{flex-direction:column;}.kadence-column37541_221d2d-e3 > .kt-inside-inner-col > .aligncenter{width:100%;}.kadence-column37541_221d2d-e3 > .kt-inside-inner-col:before{opacity:0.3;}.kadence-column37541_221d2d-e3{position:relative;}@media all and (max-width: 1024px){.kadence-column37541_221d2d-e3 > .kt-inside-inner-col{flex-direction:column;justify-content:center;}}@media all and (max-width: 767px){.kadence-column37541_221d2d-e3 > .kt-inside-inner-col{flex-direction:column;justify-content:center;}}<\/style>\n<div class=\"wp-block-kadence-column kadence-column37541_221d2d-e3 inner-column-1\"><div class=\"kt-inside-inner-col\">\n<figure class=\"wp-block-gallery has-nested-images columns-2 is-cropped galeria wp-block-gallery-1 is-layout-flex wp-block-gallery-is-layout-flex\">\n<figure class=\"wp-block-image size-full\"><a href=\"https:\/\/globalendar.com\/wp-content\/uploads\/2023\/12\/kalendar-april-2024-1.pdf\"><img loading=\"lazy\" decoding=\"async\" width=\"2560\" height=\"1806\" data-id=\"37551\" src=\"https:\/\/globalendar.com\/wp-content\/uploads\/2023\/12\/kalendar-april-2024-1-scaled.jpg\" alt=\"Kalender April 2024 zum Ausdrucken im PDF\" class=\"wp-image-37551\" srcset=\"https:\/\/globalendar.com\/wp-content\/uploads\/2023\/12\/kalendar-april-2024-1-scaled.jpg 2560w, https:\/\/globalendar.com\/wp-content\/uploads\/2023\/12\/kalendar-april-2024-1-scaled-1200x847.jpg 1200w, https:\/\/globalendar.com\/wp-content\/uploads\/2023\/12\/kalendar-april-2024-1-300x212.jpg 300w, https:\/\/globalendar.com\/wp-content\/uploads\/2023\/12\/kalendar-april-2024-1-1024x722.jpg 1024w, https:\/\/globalendar.com\/wp-content\/uploads\/2023\/12\/kalendar-april-2024-1-768x542.jpg 768w, https:\/\/globalendar.com\/wp-content\/uploads\/2023\/12\/kalendar-april-2024-1-1536x1084.jpg 1536w, https:\/\/globalendar.com\/wp-content\/uploads\/2023\/12\/kalendar-april-2024-1-2048x1445.jpg 2048w\" sizes=\"auto, (max-width: 2560px) 100vw, 2560px\" \/><\/a><\/figure>\n<\/figure>\n\n\n<style>.kb-row-layout-id37541_bc3304-ad > .kt-row-column-wrap{align-content:start;}:where(.kb-row-layout-id37541_bc3304-ad > .kt-row-column-wrap) > .wp-block-kadence-column{justify-content:start;}.kb-row-layout-id37541_bc3304-ad > .kt-row-column-wrap{column-gap:var(--global-kb-gap-md, 2rem);row-gap:var(--global-kb-gap-md, 2rem);padding-top:var(--global-kb-spacing-sm, 1.5rem);padding-bottom:var(--global-kb-spacing-sm, 1.5rem);grid-template-columns:minmax(0, 1fr);}.kb-row-layout-id37541_bc3304-ad > .kt-row-layout-overlay{opacity:0.30;}@media all and (max-width: 1024px){.kb-row-layout-id37541_bc3304-ad > .kt-row-column-wrap{grid-template-columns:minmax(0, 1fr);}}@media all and (max-width: 767px){.kb-row-layout-id37541_bc3304-ad > .kt-row-column-wrap{grid-template-columns:minmax(0, 1fr);}}<\/style><div class=\"kb-row-layout-wrap kb-row-layout-id37541_bc3304-ad alignnone wp-block-kadence-rowlayout\"><div class=\"kt-row-column-wrap kt-has-1-columns kt-row-layout-equal kt-tab-layout-inherit kt-mobile-layout-row kt-row-valign-top\">\n<style>.kadence-column37541_2fecd3-3f > .kt-inside-inner-col,.kadence-column37541_2fecd3-3f > .kt-inside-inner-col:before{border-top-left-radius:0px;border-top-right-radius:0px;border-bottom-right-radius:0px;border-bottom-left-radius:0px;}.kadence-column37541_2fecd3-3f > .kt-inside-inner-col{column-gap:var(--global-kb-gap-sm, 1rem);}.kadence-column37541_2fecd3-3f > .kt-inside-inner-col{flex-direction:column;}.kadence-column37541_2fecd3-3f > .kt-inside-inner-col > .aligncenter{width:100%;}.kadence-column37541_2fecd3-3f > .kt-inside-inner-col:before{opacity:0.3;}.kadence-column37541_2fecd3-3f{position:relative;}@media all and (max-width: 1024px){.kadence-column37541_2fecd3-3f > .kt-inside-inner-col{flex-direction:column;justify-content:center;}}@media all and (max-width: 767px){.kadence-column37541_2fecd3-3f > .kt-inside-inner-col{flex-direction:column;justify-content:center;}}<\/style>\n<div class=\"wp-block-kadence-column kadence-column37541_2fecd3-3f inner-column-1\"><div class=\"kt-inside-inner-col\"><style>.kb-row-layout-id37541_ac5709-8b > .kt-row-column-wrap{align-content:start;}:where(.kb-row-layout-id37541_ac5709-8b > .kt-row-column-wrap) > .wp-block-kadence-column{justify-content:start;}.kb-row-layout-id37541_ac5709-8b > .kt-row-column-wrap{column-gap:var(--global-kb-gap-md, 2rem);row-gap:var(--global-kb-gap-md, 2rem);padding-top:50px;padding-bottom:50px;grid-template-columns:minmax(0, 1fr);}.kb-row-layout-id37541_ac5709-8b > .kt-row-layout-overlay{opacity:0.30;}@media all and (max-width: 1024px){.kb-row-layout-id37541_ac5709-8b > .kt-row-column-wrap{grid-template-columns:minmax(0, 1fr);}}@media all and (max-width: 767px){.kb-row-layout-id37541_ac5709-8b > .kt-row-column-wrap{grid-template-columns:minmax(0, 1fr);}}<\/style><div class=\"kb-row-layout-wrap kb-row-layout-id37541_ac5709-8b alignnone wp-block-kadence-rowlayout\"><div class=\"kt-row-column-wrap kt-has-1-columns kt-row-layout-equal kt-tab-layout-inherit kt-mobile-layout-row kt-row-valign-top\">\n<style>.kadence-column37541_7a8553-65 > .kt-inside-inner-col,.kadence-column37541_7a8553-65 > .kt-inside-inner-col:before{border-top-left-radius:0px;border-top-right-radius:0px;border-bottom-right-radius:0px;border-bottom-left-radius:0px;}.kadence-column37541_7a8553-65 > .kt-inside-inner-col{column-gap:var(--global-kb-gap-sm, 1rem);}.kadence-column37541_7a8553-65 > .kt-inside-inner-col{flex-direction:column;}.kadence-column37541_7a8553-65 > .kt-inside-inner-col > .aligncenter{width:100%;}.kadence-column37541_7a8553-65 > .kt-inside-inner-col:before{opacity:0.3;}.kadence-column37541_7a8553-65{position:relative;}@media all and (max-width: 1024px){.kadence-column37541_7a8553-65 > .kt-inside-inner-col{flex-direction:column;justify-content:center;}}@media all and (max-width: 767px){.kadence-column37541_7a8553-65 > .kt-inside-inner-col{flex-direction:column;justify-content:center;}}<\/style>\n<div class=\"wp-block-kadence-column kadence-column37541_7a8553-65\"><div class=\"kt-inside-inner-col\">\n<h2 class=\"wp-block-heading\"><strong>Kalender f\u00fcr April 2024 zum Drucken und Planen<\/strong><\/h2>\n\n\n\n<p>Bei Globalendar ist es unsere Mission, Ihnen Werkzeuge f\u00fcr jede Jahreszeit zu bieten. Neben den Kalendern f\u00fcr 2023 sind wir auch f\u00fcr 2024 bereit. Hier k\u00f6nnen Sie Ihren Kalender f\u00fcr April 2024 in praktischen Formaten wie PDF drucken oder herunterladen, um eine effiziente Organisation sowohl zu Hause als auch im B\u00fcro zu gew\u00e4hrleisten. Markieren Sie besondere Tage, notieren Sie Ihre Meetings und planen Sie Ihre Veranstaltungen mit Leichtigkeit, im Vertrauen darauf, dass Sie immer \u00fcber Ihre Verpflichtungen informiert sind.<\/p>\n\n\n\n<p>Die Kalender von Globalendar sind mehr als nur einfache Planungswerkzeuge: Sie sind Designst\u00fccke, die \u00c4sthetik und Funktionalit\u00e4t in jeden Raum bringen. Unsere Hingabe an Qualit\u00e4t ist unbestreitbar, und deshalb sind unsere Kalender f\u00fcr hochwertigen Druck optimiert. Mit Farben im CMYK-Format garantieren wir scharfe und lebendige Drucke, die das Originaldesign getreu widerspiegeln.<\/p>\n\n\n\n<p>Wir haben die Technologie in unseren Ansatz integriert, um sicherzustellen, dass die Kalender mit verschiedenen Ger\u00e4ten kompatibel sind. Dies gibt Ihnen die Freiheit, digital darauf zuzugreifen, sie zu bearbeiten und zu teilen, wenn Sie dies bevorzugen.<\/p>\n\n\n\n<p>April 2024 steht vor der T\u00fcr, und Globalendar hat Sie abgedeckt. Ob Sie das Digitale oder das Physische bevorzugen, wir haben, was Sie ben\u00f6tigen, um stilvoll und effizient zu planen. Verpassen Sie nicht die Gelegenheit und holen Sie sich Ihren heute!<\/p>\n<\/div><\/div>\n\n<\/div><\/div><\/div><\/div>\n\n<\/div><\/div><\/div><\/div>\n\n<\/div><\/div><\/div><\/div>\n\n<\/div><\/div>","protected":false},"excerpt":{"rendered":"<p>Kalender f\u00fcr April 2024 zum Ausdrucken im PDF-Format Dieses Design verbindet die Eleganz klassischer Linien mit der Klarheit einer modernen monatlichen \u00dcbersicht. Inspiriert von traditionellen Klassenzimmern und Vintage-B\u00fcros, bringt das Modell 1 Nostalgie in die Gegenwart und erm\u00f6glicht es Ihnen, Ihren Monat stilvoll und einfach zu organisieren. Vergessen Sie nicht, unsere Seite zu Ihren Google-Favoriten&#8230;<\/p>\n","protected":false},"author":32,"featured_media":37551,"parent":37540,"menu_order":0,"comment_status":"closed","ping_status":"closed","template":"page-provisional.php","meta":{"_eb_attr":"","_kad_post_transparent":"","_kad_post_title":"","_kad_post_layout":"","_kad_post_sidebar_id":"","_kad_post_content_style":"","_kad_post_vertical_padding":"","_kad_post_feature":"","_kad_post_feature_position":"","_kad_post_header":false,"_kad_post_footer":false,"_kad_post_classname":"","footnotes":""},"class_list":["post-37541","page","type-page","status-publish","has-post-thumbnail","hentry"],"yoast_head":"<!-- This site is optimized with the Yoast SEO plugin v26.6 - https:\/\/yoast.com\/wordpress\/plugins\/seo\/ -->\n<title>\u25b7 Modell 1 April 2024<\/title>\n<meta name=\"description\" content=\"Bei Globaldar k\u00f6nnen Sie den Modell 1 April 2024 v\u00f6llig kostenlos als PDF ausdrucken und herunterladen. Treten Sie ein und finden Sie, was Sie suchen!\" \/>\n<meta name=\"robots\" content=\"index, follow, max-snippet:-1, max-image-preview:large, max-video-preview:-1\" \/>\n<link rel=\"canonical\" href=\"https:\/\/globalendar.com\/de\/kalender-april-2024-zum-ausdrucken\/modell-1-april-2024\/\" \/>\n<meta property=\"og:locale\" content=\"de_DE\" \/>\n<meta property=\"og:type\" content=\"article\" \/>\n<meta property=\"og:title\" content=\"\u25b7 Modell 1 April 2024\" \/>\n<meta property=\"og:description\" content=\"Bei Globaldar k\u00f6nnen Sie den Modell 1 April 2024 v\u00f6llig kostenlos als PDF ausdrucken und herunterladen. Treten Sie ein und finden Sie, was Sie suchen!\" \/>\n<meta property=\"og:url\" content=\"https:\/\/globalendar.com\/de\/kalender-april-2024-zum-ausdrucken\/modell-1-april-2024\/\" \/>\n<meta property=\"og:site_name\" content=\"Globalendar\" \/>\n<meta property=\"article:modified_time\" content=\"2023-12-01T01:05:51+00:00\" \/>\n<meta property=\"og:image\" content=\"https:\/\/globalendar.com\/wp-content\/uploads\/2023\/12\/kalendar-april-2024-1-scaled.jpg\" \/>\n\t<meta property=\"og:image:width\" content=\"2560\" \/>\n\t<meta property=\"og:image:height\" content=\"1806\" \/>\n\t<meta property=\"og:image:type\" content=\"image\/jpeg\" \/>\n<meta name=\"twitter:card\" content=\"summary_large_image\" \/>\n<meta name=\"twitter:label1\" content=\"Gesch\u00e4tzte Lesezeit\" \/>\n\t<meta name=\"twitter:data1\" content=\"2\u00a0Minuten\" \/>\n<script type=\"application\/ld+json\" class=\"yoast-schema-graph\">{\"@context\":\"https:\/\/schema.org\",\"@graph\":[{\"@type\":\"WebPage\",\"@id\":\"https:\/\/globalendar.com\/de\/kalender-april-2024-zum-ausdrucken\/modell-1-april-2024\/\",\"url\":\"https:\/\/globalendar.com\/de\/kalender-april-2024-zum-ausdrucken\/modell-1-april-2024\/\",\"name\":\"\u25b7 Modell 1 April 2024\",\"isPartOf\":{\"@id\":\"https:\/\/globalendar.com\/de\/#website\"},\"primaryImageOfPage\":{\"@id\":\"https:\/\/globalendar.com\/de\/kalender-april-2024-zum-ausdrucken\/modell-1-april-2024\/#primaryimage\"},\"image\":{\"@id\":\"https:\/\/globalendar.com\/de\/kalender-april-2024-zum-ausdrucken\/modell-1-april-2024\/#primaryimage\"},\"thumbnailUrl\":\"https:\/\/globalendar.com\/wp-content\/uploads\/2023\/12\/kalendar-april-2024-1-scaled.jpg\",\"datePublished\":\"2023-12-01T01:01:34+00:00\",\"dateModified\":\"2023-12-01T01:05:51+00:00\",\"description\":\"Bei Globaldar k\u00f6nnen Sie den Modell 1 April 2024 v\u00f6llig kostenlos als PDF ausdrucken und herunterladen. Treten Sie ein und finden Sie, was Sie suchen!\",\"breadcrumb\":{\"@id\":\"https:\/\/globalendar.com\/de\/kalender-april-2024-zum-ausdrucken\/modell-1-april-2024\/#breadcrumb\"},\"inLanguage\":\"de\",\"potentialAction\":[{\"@type\":\"ReadAction\",\"target\":[\"https:\/\/globalendar.com\/de\/kalender-april-2024-zum-ausdrucken\/modell-1-april-2024\/\"]}]},{\"@type\":\"ImageObject\",\"inLanguage\":\"de\",\"@id\":\"https:\/\/globalendar.com\/de\/kalender-april-2024-zum-ausdrucken\/modell-1-april-2024\/#primaryimage\",\"url\":\"https:\/\/globalendar.com\/wp-content\/uploads\/2023\/12\/kalendar-april-2024-1-scaled.jpg\",\"contentUrl\":\"https:\/\/globalendar.com\/wp-content\/uploads\/2023\/12\/kalendar-april-2024-1-scaled.jpg\",\"width\":2560,\"height\":1806},{\"@type\":\"BreadcrumbList\",\"@id\":\"https:\/\/globalendar.com\/de\/kalender-april-2024-zum-ausdrucken\/modell-1-april-2024\/#breadcrumb\",\"itemListElement\":[{\"@type\":\"ListItem\",\"position\":1,\"name\":\"Portada\",\"item\":\"https:\/\/globalendar.com\/de\/\"},{\"@type\":\"ListItem\",\"position\":2,\"name\":\"Kalender April 2024 zum Ausdrucken\",\"item\":\"https:\/\/globalendar.com\/de\/kalender-april-2024-zum-ausdrucken\/\"},{\"@type\":\"ListItem\",\"position\":3,\"name\":\"Modell 1 April 2024\"}]},{\"@type\":\"WebSite\",\"@id\":\"https:\/\/globalendar.com\/de\/#website\",\"url\":\"https:\/\/globalendar.com\/de\/\",\"name\":\"Globalendar\",\"description\":\"Calendarios para imprimir gratis\",\"publisher\":{\"@id\":\"https:\/\/globalendar.com\/de\/#organization\"},\"potentialAction\":[{\"@type\":\"SearchAction\",\"target\":{\"@type\":\"EntryPoint\",\"urlTemplate\":\"https:\/\/globalendar.com\/de\/?s={search_term_string}\"},\"query-input\":{\"@type\":\"PropertyValueSpecification\",\"valueRequired\":true,\"valueName\":\"search_term_string\"}}],\"inLanguage\":\"de\"},{\"@type\":\"Organization\",\"@id\":\"https:\/\/globalendar.com\/de\/#organization\",\"name\":\"Globalendar\",\"url\":\"https:\/\/globalendar.com\/de\/\",\"logo\":{\"@type\":\"ImageObject\",\"inLanguage\":\"de\",\"@id\":\"https:\/\/globalendar.com\/de\/#\/schema\/logo\/image\/\",\"url\":\"https:\/\/globalendar.com\/wp-content\/uploads\/2022\/08\/Isotipo-removebg-preview.png\",\"contentUrl\":\"https:\/\/globalendar.com\/wp-content\/uploads\/2022\/08\/Isotipo-removebg-preview.png\",\"width\":163,\"height\":164,\"caption\":\"Globalendar\"},\"image\":{\"@id\":\"https:\/\/globalendar.com\/de\/#\/schema\/logo\/image\/\"}}]}<\/script>\n<!-- \/ Yoast SEO plugin. -->","yoast_head_json":{"title":"\u25b7 Modell 1 April 2024","description":"Bei Globaldar k\u00f6nnen Sie den Modell 1 April 2024 v\u00f6llig kostenlos als PDF ausdrucken und herunterladen. Treten Sie ein und finden Sie, was Sie suchen!","robots":{"index":"index","follow":"follow","max-snippet":"max-snippet:-1","max-image-preview":"max-image-preview:large","max-video-preview":"max-video-preview:-1"},"canonical":"https:\/\/globalendar.com\/de\/kalender-april-2024-zum-ausdrucken\/modell-1-april-2024\/","og_locale":"de_DE","og_type":"article","og_title":"\u25b7 Modell 1 April 2024","og_description":"Bei Globaldar k\u00f6nnen Sie den Modell 1 April 2024 v\u00f6llig kostenlos als PDF ausdrucken und herunterladen. Treten Sie ein und finden Sie, was Sie suchen!","og_url":"https:\/\/globalendar.com\/de\/kalender-april-2024-zum-ausdrucken\/modell-1-april-2024\/","og_site_name":"Globalendar","article_modified_time":"2023-12-01T01:05:51+00:00","og_image":[{"width":2560,"height":1806,"url":"https:\/\/globalendar.com\/wp-content\/uploads\/2023\/12\/kalendar-april-2024-1-scaled.jpg","type":"image\/jpeg"}],"twitter_card":"summary_large_image","twitter_misc":{"Gesch\u00e4tzte Lesezeit":"2\u00a0Minuten"},"schema":{"@context":"https:\/\/schema.org","@graph":[{"@type":"WebPage","@id":"https:\/\/globalendar.com\/de\/kalender-april-2024-zum-ausdrucken\/modell-1-april-2024\/","url":"https:\/\/globalendar.com\/de\/kalender-april-2024-zum-ausdrucken\/modell-1-april-2024\/","name":"\u25b7 Modell 1 April 2024","isPartOf":{"@id":"https:\/\/globalendar.com\/de\/#website"},"primaryImageOfPage":{"@id":"https:\/\/globalendar.com\/de\/kalender-april-2024-zum-ausdrucken\/modell-1-april-2024\/#primaryimage"},"image":{"@id":"https:\/\/globalendar.com\/de\/kalender-april-2024-zum-ausdrucken\/modell-1-april-2024\/#primaryimage"},"thumbnailUrl":"https:\/\/globalendar.com\/wp-content\/uploads\/2023\/12\/kalendar-april-2024-1-scaled.jpg","datePublished":"2023-12-01T01:01:34+00:00","dateModified":"2023-12-01T01:05:51+00:00","description":"Bei Globaldar k\u00f6nnen Sie den Modell 1 April 2024 v\u00f6llig kostenlos als PDF ausdrucken und herunterladen. Treten Sie ein und finden Sie, was Sie suchen!","breadcrumb":{"@id":"https:\/\/globalendar.com\/de\/kalender-april-2024-zum-ausdrucken\/modell-1-april-2024\/#breadcrumb"},"inLanguage":"de","potentialAction":[{"@type":"ReadAction","target":["https:\/\/globalendar.com\/de\/kalender-april-2024-zum-ausdrucken\/modell-1-april-2024\/"]}]},{"@type":"ImageObject","inLanguage":"de","@id":"https:\/\/globalendar.com\/de\/kalender-april-2024-zum-ausdrucken\/modell-1-april-2024\/#primaryimage","url":"https:\/\/globalendar.com\/wp-content\/uploads\/2023\/12\/kalendar-april-2024-1-scaled.jpg","contentUrl":"https:\/\/globalendar.com\/wp-content\/uploads\/2023\/12\/kalendar-april-2024-1-scaled.jpg","width":2560,"height":1806},{"@type":"BreadcrumbList","@id":"https:\/\/globalendar.com\/de\/kalender-april-2024-zum-ausdrucken\/modell-1-april-2024\/#breadcrumb","itemListElement":[{"@type":"ListItem","position":1,"name":"Portada","item":"https:\/\/globalendar.com\/de\/"},{"@type":"ListItem","position":2,"name":"Kalender April 2024 zum Ausdrucken","item":"https:\/\/globalendar.com\/de\/kalender-april-2024-zum-ausdrucken\/"},{"@type":"ListItem","position":3,"name":"Modell 1 April 2024"}]},{"@type":"WebSite","@id":"https:\/\/globalendar.com\/de\/#website","url":"https:\/\/globalendar.com\/de\/","name":"Globalendar","description":"Calendarios para imprimir gratis","publisher":{"@id":"https:\/\/globalendar.com\/de\/#organization"},"potentialAction":[{"@type":"SearchAction","target":{"@type":"EntryPoint","urlTemplate":"https:\/\/globalendar.com\/de\/?s={search_term_string}"},"query-input":{"@type":"PropertyValueSpecification","valueRequired":true,"valueName":"search_term_string"}}],"inLanguage":"de"},{"@type":"Organization","@id":"https:\/\/globalendar.com\/de\/#organization","name":"Globalendar","url":"https:\/\/globalendar.com\/de\/","logo":{"@type":"ImageObject","inLanguage":"de","@id":"https:\/\/globalendar.com\/de\/#\/schema\/logo\/image\/","url":"https:\/\/globalendar.com\/wp-content\/uploads\/2022\/08\/Isotipo-removebg-preview.png","contentUrl":"https:\/\/globalendar.com\/wp-content\/uploads\/2022\/08\/Isotipo-removebg-preview.png","width":163,"height":164,"caption":"Globalendar"},"image":{"@id":"https:\/\/globalendar.com\/de\/#\/schema\/logo\/image\/"}}]}},"_links":{"self":[{"href":"https:\/\/globalendar.com\/de\/wp-json\/wp\/v2\/pages\/37541","targetHints":{"allow":["GET"]}}],"collection":[{"href":"https:\/\/globalendar.com\/de\/wp-json\/wp\/v2\/pages"}],"about":[{"href":"https:\/\/globalendar.com\/de\/wp-json\/wp\/v2\/types\/page"}],"author":[{"embeddable":true,"href":"https:\/\/globalendar.com\/de\/wp-json\/wp\/v2\/users\/32"}],"replies":[{"embeddable":true,"href":"https:\/\/globalendar.com\/de\/wp-json\/wp\/v2\/comments?post=37541"}],"version-history":[{"count":2,"href":"https:\/\/globalendar.com\/de\/wp-json\/wp\/v2\/pages\/37541\/revisions"}],"predecessor-version":[{"id":37576,"href":"https:\/\/globalendar.com\/de\/wp-json\/wp\/v2\/pages\/37541\/revisions\/37576"}],"up":[{"embeddable":true,"href":"https:\/\/globalendar.com\/de\/wp-json\/wp\/v2\/pages\/37540"}],"wp:featuredmedia":[{"embeddable":true,"href":"https:\/\/globalendar.com\/de\/wp-json\/wp\/v2\/media\/37551"}],"wp:attachment":[{"href":"https:\/\/globalendar.com\/de\/wp-json\/wp\/v2\/media?parent=37541"}],"curies":[{"name":"wp","href":"https:\/\/api.w.org\/{rel}","templated":true}]}}