{"id":30450,"date":"2022-12-14T12:22:18","date_gmt":"2022-12-14T12:22:18","guid":{"rendered":"https:\/\/globalendar.com\/?page_id=30450"},"modified":"2023-08-16T20:38:21","modified_gmt":"2023-08-16T20:38:21","slug":"qui-sommes-nous","status":"publish","type":"page","link":"https:\/\/globalendar.com\/fr\/qui-sommes-nous\/","title":{"rendered":"Qui sommes-nous"},"content":{"rendered":"<style>.kb-row-layout-id_927e12-c1 > .kt-row-column-wrap{align-content:center;}:where(.kb-row-layout-id_927e12-c1 > .kt-row-column-wrap) > .wp-block-kadence-column{justify-content:center;}.kb-row-layout-id_927e12-c1 > .kt-row-column-wrap{column-gap:80px;row-gap:var(--global-kb-gap-md, 2rem);padding-top:50px;padding-bottom:100px;grid-template-columns:minmax(0, calc(55% - ((80px * 1 )\/2)))minmax(0, calc(45% - ((80px * 1 )\/2)));}.kb-row-layout-id_927e12-c1 > .kt-row-layout-overlay{opacity:0.30;}@media all and (max-width: 1024px){.kb-row-layout-id_927e12-c1 > .kt-row-column-wrap{grid-template-columns:repeat(2, minmax(0, 1fr));}}@media all and (max-width: 767px){.kb-row-layout-id_927e12-c1 > .kt-row-column-wrap{grid-template-columns:minmax(0, 1fr);}}<\/style><div class=\"kb-row-layout-wrap kb-row-layout-id_927e12-c1 alignnone wp-block-kadence-rowlayout\"><div class=\"kt-row-column-wrap kt-has-2-columns kt-row-layout-equal kt-tab-layout-inherit kt-mobile-layout-row kt-row-valign-middle\">\n<style>.kadence-column_eea2c9-91 > .kt-inside-inner-col,.kadence-column_eea2c9-91 > .kt-inside-inner-col:before{border-top-left-radius:0px;border-top-right-radius:0px;border-bottom-right-radius:0px;border-bottom-left-radius:0px;}.kadence-column_eea2c9-91 > .kt-inside-inner-col{column-gap:var(--global-kb-gap-sm, 1rem);}.kadence-column_eea2c9-91 > .kt-inside-inner-col{flex-direction:column;}.kadence-column_eea2c9-91 > .kt-inside-inner-col > .aligncenter{width:100%;}.kadence-column_eea2c9-91 > .kt-inside-inner-col:before{opacity:0.3;}.kadence-column_eea2c9-91{position:relative;}@media all and (max-width: 1024px){.kadence-column_eea2c9-91 > .kt-inside-inner-col{flex-direction:column;justify-content:center;}}@media all and (max-width: 767px){.kadence-column_eea2c9-91 > .kt-inside-inner-col{flex-direction:column;justify-content:center;}}<\/style>\n<div class=\"wp-block-kadence-column kadence-column_eea2c9-91 inner-column-1\"><div class=\"kt-inside-inner-col\">\n<figure class=\"wp-block-image size-large\"><img loading=\"lazy\" decoding=\"async\" width=\"1024\" height=\"683\" src=\"https:\/\/globalendar.com\/wp-content\/uploads\/2022\/12\/carrusel_3-1-1024x683.jpg\" alt=\"\" class=\"wp-image-1231\" srcset=\"https:\/\/globalendar.com\/wp-content\/uploads\/2022\/12\/carrusel_3-1-1024x683.jpg 1024w, https:\/\/globalendar.com\/wp-content\/uploads\/2022\/12\/carrusel_3-1-1200x800.jpg 1200w, https:\/\/globalendar.com\/wp-content\/uploads\/2022\/12\/carrusel_3-1-300x200.jpg 300w, https:\/\/globalendar.com\/wp-content\/uploads\/2022\/12\/carrusel_3-1-768x512.jpg 768w, https:\/\/globalendar.com\/wp-content\/uploads\/2022\/12\/carrusel_3-1-1536x1025.jpg 1536w, https:\/\/globalendar.com\/wp-content\/uploads\/2022\/12\/carrusel_3-1.jpg 2000w\" sizes=\"auto, (max-width: 1024px) 100vw, 1024px\" \/><\/figure>\n<\/div><\/div>\n\n\n<style>.kadence-column_0f66ed-f9 > .kt-inside-inner-col{padding-top:50px;padding-right:50px;padding-bottom:50px;padding-left:50px;}.kadence-column_0f66ed-f9 > .kt-inside-inner-col,.kadence-column_0f66ed-f9 > .kt-inside-inner-col:before{border-top-left-radius:0px;border-top-right-radius:0px;border-bottom-right-radius:0px;border-bottom-left-radius:0px;}.kadence-column_0f66ed-f9 > .kt-inside-inner-col{column-gap:var(--global-kb-gap-sm, 1rem);}.kadence-column_0f66ed-f9 > .kt-inside-inner-col{flex-direction:column;}.kadence-column_0f66ed-f9 > .kt-inside-inner-col > .aligncenter{width:100%;}.kadence-column_0f66ed-f9 > .kt-inside-inner-col:before{opacity:0.3;}.kadence-column_0f66ed-f9{position:relative;}@media all and (max-width: 1024px){.kadence-column_0f66ed-f9 > .kt-inside-inner-col{flex-direction:column;justify-content:center;}}@media all and (max-width: 767px){.kadence-column_0f66ed-f9 > .kt-inside-inner-col{flex-direction:column;justify-content:center;}}<\/style>\n<div class=\"wp-block-kadence-column kadence-column_0f66ed-f9 inner-column-2\"><div class=\"kt-inside-inner-col\"><style>.wp-block-kadence-advancedheading.kt-adv-heading_7cf970-57, .wp-block-kadence-advancedheading.kt-adv-heading_7cf970-57[data-kb-block=\"kb-adv-heading_7cf970-57\"]{padding-bottom:30px;text-align:center;font-style:normal;}.wp-block-kadence-advancedheading.kt-adv-heading_7cf970-57 mark.kt-highlight, .wp-block-kadence-advancedheading.kt-adv-heading_7cf970-57[data-kb-block=\"kb-adv-heading_7cf970-57\"] mark.kt-highlight{font-style:normal;color:#f76a0c;-webkit-box-decoration-break:clone;box-decoration-break:clone;padding-top:0px;padding-right:0px;padding-bottom:0px;padding-left:0px;}<\/style>\n<h1 class=\"kt-adv-heading_7cf970-57 wp-block-kadence-advancedheading\" data-kb-block=\"kb-adv-heading_7cf970-57\">Globalendar, une id\u00e9e devenue r\u00e9alit\u00e9<\/h1>\n\n\n\n<p>Globalendar est compos\u00e9 d&rsquo;une \u00e9quipe de designers et de programmeurs travaillant ensemble pour fournir gratuitement du contenu li\u00e9 \u00e0 l&rsquo;impression et au t\u00e9l\u00e9chargement de calendriers.<\/p>\n\n\n\n<p>Depuis sa cr\u00e9ation, l&rsquo;id\u00e9e n&rsquo;a cess\u00e9 d&rsquo;\u00e9voluer, et nous avons travaill\u00e9 sans rel\u00e2che pour am\u00e9liorer le projet de la meilleure mani\u00e8re possible.<\/p>\n\n\n\n<p>Depuis Globalendar, vous pouvez t\u00e9l\u00e9charger des calendriers mensuels \u00e0 imprimer et \u00e0 remplir, que vous pouvez accrocher dans votre chambre pour organiser votre quotidien. De plus, vous pouvez \u00e9galement t\u00e9l\u00e9charger des calendriers de diff\u00e9rents pays et villes d&rsquo;Espagne, o\u00f9 le projet a vu le jour.<\/p>\n<\/div><\/div>\n\n<\/div><\/div>","protected":false},"excerpt":{"rendered":"<p>Globalendar, une id\u00e9e devenue r\u00e9alit\u00e9 Globalendar est compos\u00e9 d&rsquo;une \u00e9quipe de designers et de programmeurs travaillant ensemble pour fournir gratuitement du contenu li\u00e9 \u00e0 l&rsquo;impression et au t\u00e9l\u00e9chargement de calendriers. Depuis sa cr\u00e9ation, l&rsquo;id\u00e9e n&rsquo;a cess\u00e9 d&rsquo;\u00e9voluer, et nous avons travaill\u00e9 sans rel\u00e2che pour am\u00e9liorer le projet de la meilleure mani\u00e8re possible. Depuis Globalendar, vous&#8230;<\/p>\n","protected":false},"author":32,"featured_media":0,"parent":0,"menu_order":0,"comment_status":"closed","ping_status":"closed","template":"","meta":{"_eb_attr":"","_kad_post_transparent":"","_kad_post_title":"","_kad_post_layout":"","_kad_post_sidebar_id":"","_kad_post_content_style":"","_kad_post_vertical_padding":"","_kad_post_feature":"","_kad_post_feature_position":"","_kad_post_header":false,"_kad_post_footer":false,"_kad_post_classname":"","footnotes":""},"class_list":["post-30450","page","type-page","status-publish","hentry"],"yoast_head":"<!-- This site is optimized with the Yoast SEO plugin v26.6 - https:\/\/yoast.com\/wordpress\/plugins\/seo\/ -->\n<title>\u25b7 Qui sommes-nous<\/title>\n<meta name=\"description\" content=\"Chez Globalendar, nous avons les meilleurs calendriers mensuels \u00e0 imprimer et des fonds d&#039;\u00e9cran totalement gratuits en PDF.\" \/>\n<meta name=\"robots\" content=\"index, follow, max-snippet:-1, max-image-preview:large, max-video-preview:-1\" \/>\n<link rel=\"canonical\" href=\"https:\/\/globalendar.com\/fr\/qui-sommes-nous\/\" \/>\n<meta property=\"og:locale\" content=\"fr_FR\" \/>\n<meta property=\"og:type\" content=\"article\" \/>\n<meta property=\"og:title\" content=\"\u25b7 Qui sommes-nous\" \/>\n<meta property=\"og:description\" content=\"Chez Globalendar, nous avons les meilleurs calendriers mensuels \u00e0 imprimer et des fonds d&#039;\u00e9cran totalement gratuits en PDF.\" \/>\n<meta property=\"og:url\" content=\"https:\/\/globalendar.com\/fr\/qui-sommes-nous\/\" \/>\n<meta property=\"og:site_name\" content=\"Globalendar\" \/>\n<meta property=\"article:modified_time\" content=\"2023-08-16T20:38:21+00:00\" \/>\n<meta property=\"og:image\" content=\"https:\/\/globalendar.com\/wp-content\/uploads\/2022\/12\/carrusel_3-1-1024x683.jpg\" \/>\n<meta name=\"twitter:card\" content=\"summary_large_image\" \/>\n<meta name=\"twitter:label1\" content=\"Dur\u00e9e de lecture estim\u00e9e\" \/>\n\t<meta name=\"twitter:data1\" content=\"1 minute\" \/>\n<script type=\"application\/ld+json\" class=\"yoast-schema-graph\">{\"@context\":\"https:\/\/schema.org\",\"@graph\":[{\"@type\":\"WebPage\",\"@id\":\"https:\/\/globalendar.com\/fr\/qui-sommes-nous\/\",\"url\":\"https:\/\/globalendar.com\/fr\/qui-sommes-nous\/\",\"name\":\"\u25b7 Qui sommes-nous\",\"isPartOf\":{\"@id\":\"https:\/\/globalendar.com\/fr\/#website\"},\"primaryImageOfPage\":{\"@id\":\"https:\/\/globalendar.com\/fr\/qui-sommes-nous\/#primaryimage\"},\"image\":{\"@id\":\"https:\/\/globalendar.com\/fr\/qui-sommes-nous\/#primaryimage\"},\"thumbnailUrl\":\"https:\/\/globalendar.com\/wp-content\/uploads\/2022\/12\/carrusel_3-1-1024x683.jpg\",\"datePublished\":\"2022-12-14T12:22:18+00:00\",\"dateModified\":\"2023-08-16T20:38:21+00:00\",\"description\":\"Chez Globalendar, nous avons les meilleurs calendriers mensuels \u00e0 imprimer et des fonds d'\u00e9cran totalement gratuits en PDF.\",\"breadcrumb\":{\"@id\":\"https:\/\/globalendar.com\/fr\/qui-sommes-nous\/#breadcrumb\"},\"inLanguage\":\"fr-FR\",\"potentialAction\":[{\"@type\":\"ReadAction\",\"target\":[\"https:\/\/globalendar.com\/fr\/qui-sommes-nous\/\"]}]},{\"@type\":\"ImageObject\",\"inLanguage\":\"fr-FR\",\"@id\":\"https:\/\/globalendar.com\/fr\/qui-sommes-nous\/#primaryimage\",\"url\":\"https:\/\/globalendar.com\/wp-content\/uploads\/2022\/12\/carrusel_3-1-1024x683.jpg\",\"contentUrl\":\"https:\/\/globalendar.com\/wp-content\/uploads\/2022\/12\/carrusel_3-1-1024x683.jpg\"},{\"@type\":\"BreadcrumbList\",\"@id\":\"https:\/\/globalendar.com\/fr\/qui-sommes-nous\/#breadcrumb\",\"itemListElement\":[{\"@type\":\"ListItem\",\"position\":1,\"name\":\"Portada\",\"item\":\"https:\/\/globalendar.com\/fr\/\"},{\"@type\":\"ListItem\",\"position\":2,\"name\":\"Qui sommes-nous\"}]},{\"@type\":\"WebSite\",\"@id\":\"https:\/\/globalendar.com\/fr\/#website\",\"url\":\"https:\/\/globalendar.com\/fr\/\",\"name\":\"Globalendar\",\"description\":\"Calendarios para imprimir gratis\",\"publisher\":{\"@id\":\"https:\/\/globalendar.com\/fr\/#organization\"},\"potentialAction\":[{\"@type\":\"SearchAction\",\"target\":{\"@type\":\"EntryPoint\",\"urlTemplate\":\"https:\/\/globalendar.com\/fr\/?s={search_term_string}\"},\"query-input\":{\"@type\":\"PropertyValueSpecification\",\"valueRequired\":true,\"valueName\":\"search_term_string\"}}],\"inLanguage\":\"fr-FR\"},{\"@type\":\"Organization\",\"@id\":\"https:\/\/globalendar.com\/fr\/#organization\",\"name\":\"Globalendar\",\"url\":\"https:\/\/globalendar.com\/fr\/\",\"logo\":{\"@type\":\"ImageObject\",\"inLanguage\":\"fr-FR\",\"@id\":\"https:\/\/globalendar.com\/fr\/#\/schema\/logo\/image\/\",\"url\":\"https:\/\/globalendar.com\/wp-content\/uploads\/2022\/08\/Isotipo-removebg-preview.png\",\"contentUrl\":\"https:\/\/globalendar.com\/wp-content\/uploads\/2022\/08\/Isotipo-removebg-preview.png\",\"width\":163,\"height\":164,\"caption\":\"Globalendar\"},\"image\":{\"@id\":\"https:\/\/globalendar.com\/fr\/#\/schema\/logo\/image\/\"}}]}<\/script>\n<!-- \/ Yoast SEO plugin. -->","yoast_head_json":{"title":"\u25b7 Qui sommes-nous","description":"Chez Globalendar, nous avons les meilleurs calendriers mensuels \u00e0 imprimer et des fonds d'\u00e9cran totalement gratuits en PDF.","robots":{"index":"index","follow":"follow","max-snippet":"max-snippet:-1","max-image-preview":"max-image-preview:large","max-video-preview":"max-video-preview:-1"},"canonical":"https:\/\/globalendar.com\/fr\/qui-sommes-nous\/","og_locale":"fr_FR","og_type":"article","og_title":"\u25b7 Qui sommes-nous","og_description":"Chez Globalendar, nous avons les meilleurs calendriers mensuels \u00e0 imprimer et des fonds d'\u00e9cran totalement gratuits en PDF.","og_url":"https:\/\/globalendar.com\/fr\/qui-sommes-nous\/","og_site_name":"Globalendar","article_modified_time":"2023-08-16T20:38:21+00:00","og_image":[{"url":"https:\/\/globalendar.com\/wp-content\/uploads\/2022\/12\/carrusel_3-1-1024x683.jpg","type":"","width":"","height":""}],"twitter_card":"summary_large_image","twitter_misc":{"Dur\u00e9e de lecture estim\u00e9e":"1 minute"},"schema":{"@context":"https:\/\/schema.org","@graph":[{"@type":"WebPage","@id":"https:\/\/globalendar.com\/fr\/qui-sommes-nous\/","url":"https:\/\/globalendar.com\/fr\/qui-sommes-nous\/","name":"\u25b7 Qui sommes-nous","isPartOf":{"@id":"https:\/\/globalendar.com\/fr\/#website"},"primaryImageOfPage":{"@id":"https:\/\/globalendar.com\/fr\/qui-sommes-nous\/#primaryimage"},"image":{"@id":"https:\/\/globalendar.com\/fr\/qui-sommes-nous\/#primaryimage"},"thumbnailUrl":"https:\/\/globalendar.com\/wp-content\/uploads\/2022\/12\/carrusel_3-1-1024x683.jpg","datePublished":"2022-12-14T12:22:18+00:00","dateModified":"2023-08-16T20:38:21+00:00","description":"Chez Globalendar, nous avons les meilleurs calendriers mensuels \u00e0 imprimer et des fonds d'\u00e9cran totalement gratuits en PDF.","breadcrumb":{"@id":"https:\/\/globalendar.com\/fr\/qui-sommes-nous\/#breadcrumb"},"inLanguage":"fr-FR","potentialAction":[{"@type":"ReadAction","target":["https:\/\/globalendar.com\/fr\/qui-sommes-nous\/"]}]},{"@type":"ImageObject","inLanguage":"fr-FR","@id":"https:\/\/globalendar.com\/fr\/qui-sommes-nous\/#primaryimage","url":"https:\/\/globalendar.com\/wp-content\/uploads\/2022\/12\/carrusel_3-1-1024x683.jpg","contentUrl":"https:\/\/globalendar.com\/wp-content\/uploads\/2022\/12\/carrusel_3-1-1024x683.jpg"},{"@type":"BreadcrumbList","@id":"https:\/\/globalendar.com\/fr\/qui-sommes-nous\/#breadcrumb","itemListElement":[{"@type":"ListItem","position":1,"name":"Portada","item":"https:\/\/globalendar.com\/fr\/"},{"@type":"ListItem","position":2,"name":"Qui sommes-nous"}]},{"@type":"WebSite","@id":"https:\/\/globalendar.com\/fr\/#website","url":"https:\/\/globalendar.com\/fr\/","name":"Globalendar","description":"Calendarios para imprimir gratis","publisher":{"@id":"https:\/\/globalendar.com\/fr\/#organization"},"potentialAction":[{"@type":"SearchAction","target":{"@type":"EntryPoint","urlTemplate":"https:\/\/globalendar.com\/fr\/?s={search_term_string}"},"query-input":{"@type":"PropertyValueSpecification","valueRequired":true,"valueName":"search_term_string"}}],"inLanguage":"fr-FR"},{"@type":"Organization","@id":"https:\/\/globalendar.com\/fr\/#organization","name":"Globalendar","url":"https:\/\/globalendar.com\/fr\/","logo":{"@type":"ImageObject","inLanguage":"fr-FR","@id":"https:\/\/globalendar.com\/fr\/#\/schema\/logo\/image\/","url":"https:\/\/globalendar.com\/wp-content\/uploads\/2022\/08\/Isotipo-removebg-preview.png","contentUrl":"https:\/\/globalendar.com\/wp-content\/uploads\/2022\/08\/Isotipo-removebg-preview.png","width":163,"height":164,"caption":"Globalendar"},"image":{"@id":"https:\/\/globalendar.com\/fr\/#\/schema\/logo\/image\/"}}]}},"_links":{"self":[{"href":"https:\/\/globalendar.com\/fr\/wp-json\/wp\/v2\/pages\/30450","targetHints":{"allow":["GET"]}}],"collection":[{"href":"https:\/\/globalendar.com\/fr\/wp-json\/wp\/v2\/pages"}],"about":[{"href":"https:\/\/globalendar.com\/fr\/wp-json\/wp\/v2\/types\/page"}],"author":[{"embeddable":true,"href":"https:\/\/globalendar.com\/fr\/wp-json\/wp\/v2\/users\/32"}],"replies":[{"embeddable":true,"href":"https:\/\/globalendar.com\/fr\/wp-json\/wp\/v2\/comments?post=30450"}],"version-history":[{"count":1,"href":"https:\/\/globalendar.com\/fr\/wp-json\/wp\/v2\/pages\/30450\/revisions"}],"predecessor-version":[{"id":30451,"href":"https:\/\/globalendar.com\/fr\/wp-json\/wp\/v2\/pages\/30450\/revisions\/30451"}],"wp:attachment":[{"href":"https:\/\/globalendar.com\/fr\/wp-json\/wp\/v2\/media?parent=30450"}],"curies":[{"name":"wp","href":"https:\/\/api.w.org\/{rel}","templated":true}]}}