{"id":37598,"date":"2023-12-01T01:42:11","date_gmt":"2023-12-01T01:42:11","guid":{"rendered":"https:\/\/globalendar.com\/?page_id=37598"},"modified":"2023-12-01T01:42:13","modified_gmt":"2023-12-01T01:42:13","slug":"modello-10-aprile-2024","status":"publish","type":"page","link":"https:\/\/globalendar.com\/it\/calendario-aprile-2024-da-stampare\/modello-10-aprile-2024\/","title":{"rendered":"Modello 10 Aprile 2024"},"content":{"rendered":"<style>.kb-row-layout-id37598_47cb74-18 > .kt-row-column-wrap{align-content:start;}:where(.kb-row-layout-id37598_47cb74-18 > .kt-row-column-wrap) > .wp-block-kadence-column{justify-content:start;}.kb-row-layout-id37598_47cb74-18 > .kt-row-column-wrap{column-gap:var(--global-kb-gap-md, 2rem);row-gap:var(--global-kb-gap-md, 2rem);max-width:1100px;margin-left:auto;margin-right:auto;padding-top:var(--global-kb-spacing-xl, 4rem);padding-bottom:var(--global-kb-spacing-sm, 1.5rem);grid-template-columns:minmax(0, 1fr);}.kb-row-layout-id37598_47cb74-18 > .kt-row-layout-overlay{opacity:0.30;}@media all and (max-width: 1024px){.kb-row-layout-id37598_47cb74-18 > .kt-row-column-wrap{grid-template-columns:minmax(0, 1fr);}}@media all and (max-width: 767px){.kb-row-layout-id37598_47cb74-18 > .kt-row-column-wrap{grid-template-columns:minmax(0, 1fr);}}<\/style><div class=\"kb-row-layout-wrap kb-row-layout-id37598_47cb74-18 alignnone wp-block-kadence-rowlayout\"><div class=\"kt-row-column-wrap kt-has-1-columns kt-row-layout-equal kt-tab-layout-inherit kt-mobile-layout-row kt-row-valign-top\">\n<style>.kadence-column37598_5339c8-0c > .kt-inside-inner-col,.kadence-column37598_5339c8-0c > .kt-inside-inner-col:before{border-top-left-radius:0px;border-top-right-radius:0px;border-bottom-right-radius:0px;border-bottom-left-radius:0px;}.kadence-column37598_5339c8-0c > .kt-inside-inner-col{column-gap:var(--global-kb-gap-sm, 1rem);}.kadence-column37598_5339c8-0c > .kt-inside-inner-col{flex-direction:column;}.kadence-column37598_5339c8-0c > .kt-inside-inner-col > .aligncenter{width:100%;}.kadence-column37598_5339c8-0c > .kt-inside-inner-col:before{opacity:0.3;}.kadence-column37598_5339c8-0c{position:relative;}@media all and (max-width: 1024px){.kadence-column37598_5339c8-0c > .kt-inside-inner-col{flex-direction:column;justify-content:center;}}@media all and (max-width: 767px){.kadence-column37598_5339c8-0c > .kt-inside-inner-col{flex-direction:column;justify-content:center;}}<\/style>\n<div class=\"wp-block-kadence-column kadence-column37598_5339c8-0c inner-column-1\"><div class=\"kt-inside-inner-col\"><style>.wp-block-kadence-advancedheading.kt-adv-heading37598_cb6311-ba, .wp-block-kadence-advancedheading.kt-adv-heading37598_cb6311-ba[data-kb-block=\"kb-adv-heading37598_cb6311-ba\"]{padding-bottom:50px;text-align:center;font-size:40px;font-style:normal;}.wp-block-kadence-advancedheading.kt-adv-heading37598_cb6311-ba mark.kt-highlight, .wp-block-kadence-advancedheading.kt-adv-heading37598_cb6311-ba[data-kb-block=\"kb-adv-heading37598_cb6311-ba\"] mark.kt-highlight{font-style:normal;color:#f76a0c;-webkit-box-decoration-break:clone;box-decoration-break:clone;padding-top:0px;padding-right:0px;padding-bottom:0px;padding-left:0px;}@media all and (max-width: 1024px){.wp-block-kadence-advancedheading.kt-adv-heading37598_cb6311-ba, .wp-block-kadence-advancedheading.kt-adv-heading37598_cb6311-ba[data-kb-block=\"kb-adv-heading37598_cb6311-ba\"]{font-size:30px;}}<\/style>\n<h1 class=\"kt-adv-heading37598_cb6311-ba wp-block-kadence-advancedheading\" data-kb-block=\"kb-adv-heading37598_cb6311-ba\">Calendario di Aprile 2024 da stampare in PDF<\/h1>\n\n\n\n<p>Se cerchi una visione olistica del tuo mese, il Modello 10 fa per te. Con un design espansivo, offre una visione completa di Aprile 2024, permettendoti di visualizzare i tuoi obiettivi e i tuoi successi a lungo termine.<\/p>\n\n\n\n<p>Non dimenticare di <strong>aggiungere la nostra pagina alla barra dei preferiti di Google<\/strong> per accedere pi\u00f9 rapidamente e facilmente la prossima volta che avrai bisogno di scaricare i tuoi calendari gratuiti.<\/p>\n\n\n<style>.wp-block-kadence-advancedheading.kt-adv-heading37598_62ce6c-1d, .wp-block-kadence-advancedheading.kt-adv-heading37598_62ce6c-1d[data-kb-block=\"kb-adv-heading37598_62ce6c-1d\"]{padding-bottom:30px;margin-top:0px;margin-bottom:var(--global-kb-spacing-lg, 3rem);text-align:center;font-style:normal;}.wp-block-kadence-advancedheading.kt-adv-heading37598_62ce6c-1d mark.kt-highlight, .wp-block-kadence-advancedheading.kt-adv-heading37598_62ce6c-1d[data-kb-block=\"kb-adv-heading37598_62ce6c-1d\"] mark.kt-highlight{font-style:normal;color:#f76a0c;-webkit-box-decoration-break:clone;box-decoration-break:clone;padding-top:0px;padding-right:0px;padding-bottom:0px;padding-left:0px;}<\/style>\n<h2 class=\"kt-adv-heading37598_62ce6c-1d wp-block-kadence-advancedheading has-theme-palette-9-color has-text-color has-theme-palette-7-background-color has-background\" data-kb-block=\"kb-adv-heading37598_62ce6c-1d\"><strong>Modello 10 &#8211; Clicca sul tuo preferito per aprire in PDF<\/strong><\/h2>\n\n\n\n<script async=\"\" src=\"https:\/\/pagead2.googlesyndication.com\/pagead\/js\/adsbygoogle.js?client=ca-pub-7882301227072937\" crossorigin=\"anonymous\"><\/script>\n<!-- Globalendar -->\n<ins class=\"adsbygoogle\" style=\"display:block\" data-ad-client=\"ca-pub-7882301227072937\" data-ad-slot=\"2850993616\" data-ad-format=\"auto\" data-full-width-responsive=\"true\"><\/ins>\n<script>\n     (adsbygoogle = window.adsbygoogle || []).push({});\n<\/script>\n\n\n<style>.kb-row-layout-id37598_e49346-fd > .kt-row-column-wrap{align-content:start;}:where(.kb-row-layout-id37598_e49346-fd > .kt-row-column-wrap) > .wp-block-kadence-column{justify-content:start;}.kb-row-layout-id37598_e49346-fd > .kt-row-column-wrap{column-gap:var(--global-kb-gap-md, 2rem);row-gap:var(--global-kb-gap-md, 2rem);padding-top:var(--global-kb-spacing-sm, 1.5rem);padding-bottom:var(--global-kb-spacing-sm, 1.5rem);grid-template-columns:minmax(0, 1fr);}.kb-row-layout-id37598_e49346-fd > .kt-row-layout-overlay{opacity:0.30;}@media all and (max-width: 1024px){.kb-row-layout-id37598_e49346-fd > .kt-row-column-wrap{grid-template-columns:minmax(0, 1fr);}}@media all and (max-width: 767px){.kb-row-layout-id37598_e49346-fd > .kt-row-column-wrap{grid-template-columns:minmax(0, 1fr);}}<\/style><div class=\"kb-row-layout-wrap kb-row-layout-id37598_e49346-fd alignnone wp-block-kadence-rowlayout\"><div class=\"kt-row-column-wrap kt-has-1-columns kt-row-layout-equal kt-tab-layout-inherit kt-mobile-layout-row kt-row-valign-top\">\n<style>.kadence-column37598_cc0e75-1d > .kt-inside-inner-col,.kadence-column37598_cc0e75-1d > .kt-inside-inner-col:before{border-top-left-radius:0px;border-top-right-radius:0px;border-bottom-right-radius:0px;border-bottom-left-radius:0px;}.kadence-column37598_cc0e75-1d > .kt-inside-inner-col{column-gap:var(--global-kb-gap-sm, 1rem);}.kadence-column37598_cc0e75-1d > .kt-inside-inner-col{flex-direction:column;}.kadence-column37598_cc0e75-1d > .kt-inside-inner-col > .aligncenter{width:100%;}.kadence-column37598_cc0e75-1d > .kt-inside-inner-col:before{opacity:0.3;}.kadence-column37598_cc0e75-1d{position:relative;}@media all and (max-width: 1024px){.kadence-column37598_cc0e75-1d > .kt-inside-inner-col{flex-direction:column;justify-content:center;}}@media all and (max-width: 767px){.kadence-column37598_cc0e75-1d > .kt-inside-inner-col{flex-direction:column;justify-content:center;}}<\/style>\n<div class=\"wp-block-kadence-column kadence-column37598_cc0e75-1d inner-column-1\"><div class=\"kt-inside-inner-col\">\n<figure class=\"wp-block-gallery has-nested-images columns-2 is-cropped galeria wp-block-gallery-1 is-layout-flex wp-block-gallery-is-layout-flex\">\n<figure class=\"wp-block-image size-full\"><a href=\"https:\/\/globalendar.com\/wp-content\/uploads\/2023\/12\/calendario-aprile-2024-10.pdf\"><img loading=\"lazy\" decoding=\"async\" width=\"2560\" height=\"1828\" data-id=\"37613\" src=\"https:\/\/globalendar.com\/wp-content\/uploads\/2023\/12\/calendario-aprile-2024-10-scaled.jpg\" alt=\"Calendario Aprile 2024 da stampare in PDF\" class=\"wp-image-37613\" srcset=\"https:\/\/globalendar.com\/wp-content\/uploads\/2023\/12\/calendario-aprile-2024-10-scaled.jpg 2560w, https:\/\/globalendar.com\/wp-content\/uploads\/2023\/12\/calendario-aprile-2024-10-scaled-1200x857.jpg 1200w, https:\/\/globalendar.com\/wp-content\/uploads\/2023\/12\/calendario-aprile-2024-10-300x214.jpg 300w, https:\/\/globalendar.com\/wp-content\/uploads\/2023\/12\/calendario-aprile-2024-10-1024x731.jpg 1024w, https:\/\/globalendar.com\/wp-content\/uploads\/2023\/12\/calendario-aprile-2024-10-768x548.jpg 768w, https:\/\/globalendar.com\/wp-content\/uploads\/2023\/12\/calendario-aprile-2024-10-1536x1097.jpg 1536w, https:\/\/globalendar.com\/wp-content\/uploads\/2023\/12\/calendario-aprile-2024-10-2048x1462.jpg 2048w\" sizes=\"auto, (max-width: 2560px) 100vw, 2560px\" \/><\/a><\/figure>\n<\/figure>\n\n\n<style>.kb-row-layout-id37598_7991b1-7e > .kt-row-column-wrap{align-content:start;}:where(.kb-row-layout-id37598_7991b1-7e > .kt-row-column-wrap) > .wp-block-kadence-column{justify-content:start;}.kb-row-layout-id37598_7991b1-7e > .kt-row-column-wrap{column-gap:var(--global-kb-gap-md, 2rem);row-gap:var(--global-kb-gap-md, 2rem);padding-top:var(--global-kb-spacing-sm, 1.5rem);padding-bottom:var(--global-kb-spacing-sm, 1.5rem);grid-template-columns:minmax(0, 1fr);}.kb-row-layout-id37598_7991b1-7e > .kt-row-layout-overlay{opacity:0.30;}@media all and (max-width: 1024px){.kb-row-layout-id37598_7991b1-7e > .kt-row-column-wrap{grid-template-columns:minmax(0, 1fr);}}@media all and (max-width: 767px){.kb-row-layout-id37598_7991b1-7e > .kt-row-column-wrap{grid-template-columns:minmax(0, 1fr);}}<\/style><div class=\"kb-row-layout-wrap kb-row-layout-id37598_7991b1-7e alignnone wp-block-kadence-rowlayout\"><div class=\"kt-row-column-wrap kt-has-1-columns kt-row-layout-equal kt-tab-layout-inherit kt-mobile-layout-row kt-row-valign-top\">\n<style>.kadence-column37598_aa657c-19 > .kt-inside-inner-col,.kadence-column37598_aa657c-19 > .kt-inside-inner-col:before{border-top-left-radius:0px;border-top-right-radius:0px;border-bottom-right-radius:0px;border-bottom-left-radius:0px;}.kadence-column37598_aa657c-19 > .kt-inside-inner-col{column-gap:var(--global-kb-gap-sm, 1rem);}.kadence-column37598_aa657c-19 > .kt-inside-inner-col{flex-direction:column;}.kadence-column37598_aa657c-19 > .kt-inside-inner-col > .aligncenter{width:100%;}.kadence-column37598_aa657c-19 > .kt-inside-inner-col:before{opacity:0.3;}.kadence-column37598_aa657c-19{position:relative;}@media all and (max-width: 1024px){.kadence-column37598_aa657c-19 > .kt-inside-inner-col{flex-direction:column;justify-content:center;}}@media all and (max-width: 767px){.kadence-column37598_aa657c-19 > .kt-inside-inner-col{flex-direction:column;justify-content:center;}}<\/style>\n<div class=\"wp-block-kadence-column kadence-column37598_aa657c-19 inner-column-1\"><div class=\"kt-inside-inner-col\"><style>.kb-row-layout-id37598_ec564e-17 > .kt-row-column-wrap{align-content:start;}:where(.kb-row-layout-id37598_ec564e-17 > .kt-row-column-wrap) > .wp-block-kadence-column{justify-content:start;}.kb-row-layout-id37598_ec564e-17 > .kt-row-column-wrap{column-gap:var(--global-kb-gap-md, 2rem);row-gap:var(--global-kb-gap-md, 2rem);padding-top:50px;padding-bottom:50px;grid-template-columns:minmax(0, 1fr);}.kb-row-layout-id37598_ec564e-17 > .kt-row-layout-overlay{opacity:0.30;}@media all and (max-width: 1024px){.kb-row-layout-id37598_ec564e-17 > .kt-row-column-wrap{grid-template-columns:minmax(0, 1fr);}}@media all and (max-width: 767px){.kb-row-layout-id37598_ec564e-17 > .kt-row-column-wrap{grid-template-columns:minmax(0, 1fr);}}<\/style><div class=\"kb-row-layout-wrap kb-row-layout-id37598_ec564e-17 alignnone wp-block-kadence-rowlayout\"><div class=\"kt-row-column-wrap kt-has-1-columns kt-row-layout-equal kt-tab-layout-inherit kt-mobile-layout-row kt-row-valign-top\">\n<style>.kadence-column37598_525990-95 > .kt-inside-inner-col,.kadence-column37598_525990-95 > .kt-inside-inner-col:before{border-top-left-radius:0px;border-top-right-radius:0px;border-bottom-right-radius:0px;border-bottom-left-radius:0px;}.kadence-column37598_525990-95 > .kt-inside-inner-col{column-gap:var(--global-kb-gap-sm, 1rem);}.kadence-column37598_525990-95 > .kt-inside-inner-col{flex-direction:column;}.kadence-column37598_525990-95 > .kt-inside-inner-col > .aligncenter{width:100%;}.kadence-column37598_525990-95 > .kt-inside-inner-col:before{opacity:0.3;}.kadence-column37598_525990-95{position:relative;}@media all and (max-width: 1024px){.kadence-column37598_525990-95 > .kt-inside-inner-col{flex-direction:column;justify-content:center;}}@media all and (max-width: 767px){.kadence-column37598_525990-95 > .kt-inside-inner-col{flex-direction:column;justify-content:center;}}<\/style>\n<div class=\"wp-block-kadence-column kadence-column37598_525990-95\"><div class=\"kt-inside-inner-col\">\n<h2 class=\"wp-block-heading\"><strong>Calendari di Aprile 2024 da stampare e pianificare<\/strong><\/h2>\n\n\n\n<p>In Globalendar, la nostra missione \u00e8 fornirti strumenti per ogni fase dell&#8217;anno. Oltre ai calendari del 2023, siamo pronti per il 2024. Qui, puoi stampare o scaricare il tuo calendario di Aprile 2024 in formati pratici come il PDF, assicurandoti un&#8217;organizzazione efficiente sia a casa che in ufficio. Segna quei giorni speciali, annota le tue riunioni e pianifica i tuoi eventi con facilit\u00e0, confidando nel fatto che sarai sempre a conoscenza dei tuoi impegni.<\/p>\n\n\n\n<p>I calendari di Globalendar sono pi\u00f9 di semplici strumenti di pianificazione: sono pezzi di design che portano estetica e funzionalit\u00e0 in qualsiasi spazio. La nostra dedizione alla qualit\u00e0 \u00e8 innegabile, e per questo, i nostri calendari sono ottimizzati per una stampa di alta qualit\u00e0. Con colori nel formato CMYK, garantiamo stampe nitide e vibranti che riflettono fedelmente il design originale.<\/p>\n\n\n\n<p>Abbiamo incorporato la tecnologia nel nostro approccio, assicurandoci che i calendari siano compatibili con vari dispositivi. Ci\u00f2 ti offre la libert\u00e0 di accedere, modificare e condividere digitalmente, se lo preferisci.<\/p>\n\n\n\n<p>Aprile 2024 sta per iniziare, e Globalendar ti ha coperto. Che tu preferisca il digitale o il fisico, abbiamo ci\u00f2 che ti serve per pianificare con stile ed efficienza. Non perdere l&#8217;opportunit\u00e0 e ottieni il tuo oggi!<\/p>\n<\/div><\/div>\n\n<\/div><\/div><\/div><\/div>\n\n<\/div><\/div><\/div><\/div>\n\n<\/div><\/div><\/div><\/div>\n\n<\/div><\/div>","protected":false},"excerpt":{"rendered":"<p>Calendario di Aprile 2024 da stampare in PDF Se cerchi una visione olistica del tuo mese, il Modello 10 fa per te. Con un design espansivo, offre una visione completa di Aprile 2024, permettendoti di visualizzare i tuoi obiettivi e i tuoi successi a lungo termine. Non dimenticare di aggiungere la nostra pagina alla barra&#8230;<\/p>\n","protected":false},"author":32,"featured_media":37613,"parent":37587,"menu_order":0,"comment_status":"closed","ping_status":"closed","template":"page-provisional.php","meta":{"_eb_attr":"","_kad_post_transparent":"","_kad_post_title":"","_kad_post_layout":"","_kad_post_sidebar_id":"","_kad_post_content_style":"","_kad_post_vertical_padding":"","_kad_post_feature":"","_kad_post_feature_position":"","_kad_post_header":false,"_kad_post_footer":false,"_kad_post_classname":"","footnotes":""},"class_list":["post-37598","page","type-page","status-publish","has-post-thumbnail","hentry"],"yoast_head":"<!-- This site is optimized with the Yoast SEO plugin v26.6 - https:\/\/yoast.com\/wordpress\/plugins\/seo\/ -->\n<title>\u25b7 Modello 10 Aprile 2024<\/title>\n<meta name=\"description\" content=\"In Globalendar abbiamo i migliori calendari mensili da stampare e sfondi totalmente gratuiti in PDF.\" \/>\n<meta name=\"robots\" content=\"index, follow, max-snippet:-1, max-image-preview:large, max-video-preview:-1\" \/>\n<link rel=\"canonical\" href=\"https:\/\/globalendar.com\/it\/calendario-aprile-2024-da-stampare\/modello-10-aprile-2024\/\" \/>\n<meta property=\"og:locale\" content=\"it_IT\" \/>\n<meta property=\"og:type\" content=\"article\" \/>\n<meta property=\"og:title\" content=\"\u25b7 Modello 10 Aprile 2024\" \/>\n<meta property=\"og:description\" content=\"In Globalendar abbiamo i migliori calendari mensili da stampare e sfondi totalmente gratuiti in PDF.\" \/>\n<meta property=\"og:url\" content=\"https:\/\/globalendar.com\/it\/calendario-aprile-2024-da-stampare\/modello-10-aprile-2024\/\" \/>\n<meta property=\"og:site_name\" content=\"Globalendar\" \/>\n<meta property=\"article:modified_time\" content=\"2023-12-01T01:42:13+00:00\" \/>\n<meta property=\"og:image\" content=\"https:\/\/globalendar.com\/wp-content\/uploads\/2023\/12\/calendario-aprile-2024-10-scaled.jpg\" \/>\n\t<meta property=\"og:image:width\" content=\"2560\" \/>\n\t<meta property=\"og:image:height\" content=\"1828\" \/>\n\t<meta property=\"og:image:type\" content=\"image\/jpeg\" \/>\n<meta name=\"twitter:card\" content=\"summary_large_image\" \/>\n<meta name=\"twitter:label1\" content=\"Tempo di lettura stimato\" \/>\n\t<meta name=\"twitter:data1\" content=\"2 minuti\" \/>\n<script type=\"application\/ld+json\" class=\"yoast-schema-graph\">{\"@context\":\"https:\/\/schema.org\",\"@graph\":[{\"@type\":\"WebPage\",\"@id\":\"https:\/\/globalendar.com\/it\/calendario-aprile-2024-da-stampare\/modello-10-aprile-2024\/\",\"url\":\"https:\/\/globalendar.com\/it\/calendario-aprile-2024-da-stampare\/modello-10-aprile-2024\/\",\"name\":\"\u25b7 Modello 10 Aprile 2024\",\"isPartOf\":{\"@id\":\"https:\/\/globalendar.com\/it\/#website\"},\"primaryImageOfPage\":{\"@id\":\"https:\/\/globalendar.com\/it\/calendario-aprile-2024-da-stampare\/modello-10-aprile-2024\/#primaryimage\"},\"image\":{\"@id\":\"https:\/\/globalendar.com\/it\/calendario-aprile-2024-da-stampare\/modello-10-aprile-2024\/#primaryimage\"},\"thumbnailUrl\":\"https:\/\/globalendar.com\/wp-content\/uploads\/2023\/12\/calendario-aprile-2024-10-scaled.jpg\",\"datePublished\":\"2023-12-01T01:42:11+00:00\",\"dateModified\":\"2023-12-01T01:42:13+00:00\",\"description\":\"In Globalendar abbiamo i migliori calendari mensili da stampare e sfondi totalmente gratuiti in PDF.\",\"breadcrumb\":{\"@id\":\"https:\/\/globalendar.com\/it\/calendario-aprile-2024-da-stampare\/modello-10-aprile-2024\/#breadcrumb\"},\"inLanguage\":\"it-IT\",\"potentialAction\":[{\"@type\":\"ReadAction\",\"target\":[\"https:\/\/globalendar.com\/it\/calendario-aprile-2024-da-stampare\/modello-10-aprile-2024\/\"]}]},{\"@type\":\"ImageObject\",\"inLanguage\":\"it-IT\",\"@id\":\"https:\/\/globalendar.com\/it\/calendario-aprile-2024-da-stampare\/modello-10-aprile-2024\/#primaryimage\",\"url\":\"https:\/\/globalendar.com\/wp-content\/uploads\/2023\/12\/calendario-aprile-2024-10-scaled.jpg\",\"contentUrl\":\"https:\/\/globalendar.com\/wp-content\/uploads\/2023\/12\/calendario-aprile-2024-10-scaled.jpg\",\"width\":2560,\"height\":1828},{\"@type\":\"BreadcrumbList\",\"@id\":\"https:\/\/globalendar.com\/it\/calendario-aprile-2024-da-stampare\/modello-10-aprile-2024\/#breadcrumb\",\"itemListElement\":[{\"@type\":\"ListItem\",\"position\":1,\"name\":\"Portada\",\"item\":\"https:\/\/globalendar.com\/it\/\"},{\"@type\":\"ListItem\",\"position\":2,\"name\":\"Calendario Aprile 2024 da stampare\",\"item\":\"https:\/\/globalendar.com\/it\/calendario-aprile-2024-da-stampare\/\"},{\"@type\":\"ListItem\",\"position\":3,\"name\":\"Modello 10 Aprile 2024\"}]},{\"@type\":\"WebSite\",\"@id\":\"https:\/\/globalendar.com\/it\/#website\",\"url\":\"https:\/\/globalendar.com\/it\/\",\"name\":\"Globalendar\",\"description\":\"Calendarios para imprimir gratis\",\"publisher\":{\"@id\":\"https:\/\/globalendar.com\/it\/#organization\"},\"potentialAction\":[{\"@type\":\"SearchAction\",\"target\":{\"@type\":\"EntryPoint\",\"urlTemplate\":\"https:\/\/globalendar.com\/it\/?s={search_term_string}\"},\"query-input\":{\"@type\":\"PropertyValueSpecification\",\"valueRequired\":true,\"valueName\":\"search_term_string\"}}],\"inLanguage\":\"it-IT\"},{\"@type\":\"Organization\",\"@id\":\"https:\/\/globalendar.com\/it\/#organization\",\"name\":\"Globalendar\",\"url\":\"https:\/\/globalendar.com\/it\/\",\"logo\":{\"@type\":\"ImageObject\",\"inLanguage\":\"it-IT\",\"@id\":\"https:\/\/globalendar.com\/it\/#\/schema\/logo\/image\/\",\"url\":\"https:\/\/globalendar.com\/wp-content\/uploads\/2022\/08\/Isotipo-removebg-preview.png\",\"contentUrl\":\"https:\/\/globalendar.com\/wp-content\/uploads\/2022\/08\/Isotipo-removebg-preview.png\",\"width\":163,\"height\":164,\"caption\":\"Globalendar\"},\"image\":{\"@id\":\"https:\/\/globalendar.com\/it\/#\/schema\/logo\/image\/\"}}]}<\/script>\n<!-- \/ Yoast SEO plugin. -->","yoast_head_json":{"title":"\u25b7 Modello 10 Aprile 2024","description":"In Globalendar abbiamo i migliori calendari mensili da stampare e sfondi totalmente gratuiti in PDF.","robots":{"index":"index","follow":"follow","max-snippet":"max-snippet:-1","max-image-preview":"max-image-preview:large","max-video-preview":"max-video-preview:-1"},"canonical":"https:\/\/globalendar.com\/it\/calendario-aprile-2024-da-stampare\/modello-10-aprile-2024\/","og_locale":"it_IT","og_type":"article","og_title":"\u25b7 Modello 10 Aprile 2024","og_description":"In Globalendar abbiamo i migliori calendari mensili da stampare e sfondi totalmente gratuiti in PDF.","og_url":"https:\/\/globalendar.com\/it\/calendario-aprile-2024-da-stampare\/modello-10-aprile-2024\/","og_site_name":"Globalendar","article_modified_time":"2023-12-01T01:42:13+00:00","og_image":[{"width":2560,"height":1828,"url":"https:\/\/globalendar.com\/wp-content\/uploads\/2023\/12\/calendario-aprile-2024-10-scaled.jpg","type":"image\/jpeg"}],"twitter_card":"summary_large_image","twitter_misc":{"Tempo di lettura stimato":"2 minuti"},"schema":{"@context":"https:\/\/schema.org","@graph":[{"@type":"WebPage","@id":"https:\/\/globalendar.com\/it\/calendario-aprile-2024-da-stampare\/modello-10-aprile-2024\/","url":"https:\/\/globalendar.com\/it\/calendario-aprile-2024-da-stampare\/modello-10-aprile-2024\/","name":"\u25b7 Modello 10 Aprile 2024","isPartOf":{"@id":"https:\/\/globalendar.com\/it\/#website"},"primaryImageOfPage":{"@id":"https:\/\/globalendar.com\/it\/calendario-aprile-2024-da-stampare\/modello-10-aprile-2024\/#primaryimage"},"image":{"@id":"https:\/\/globalendar.com\/it\/calendario-aprile-2024-da-stampare\/modello-10-aprile-2024\/#primaryimage"},"thumbnailUrl":"https:\/\/globalendar.com\/wp-content\/uploads\/2023\/12\/calendario-aprile-2024-10-scaled.jpg","datePublished":"2023-12-01T01:42:11+00:00","dateModified":"2023-12-01T01:42:13+00:00","description":"In Globalendar abbiamo i migliori calendari mensili da stampare e sfondi totalmente gratuiti in PDF.","breadcrumb":{"@id":"https:\/\/globalendar.com\/it\/calendario-aprile-2024-da-stampare\/modello-10-aprile-2024\/#breadcrumb"},"inLanguage":"it-IT","potentialAction":[{"@type":"ReadAction","target":["https:\/\/globalendar.com\/it\/calendario-aprile-2024-da-stampare\/modello-10-aprile-2024\/"]}]},{"@type":"ImageObject","inLanguage":"it-IT","@id":"https:\/\/globalendar.com\/it\/calendario-aprile-2024-da-stampare\/modello-10-aprile-2024\/#primaryimage","url":"https:\/\/globalendar.com\/wp-content\/uploads\/2023\/12\/calendario-aprile-2024-10-scaled.jpg","contentUrl":"https:\/\/globalendar.com\/wp-content\/uploads\/2023\/12\/calendario-aprile-2024-10-scaled.jpg","width":2560,"height":1828},{"@type":"BreadcrumbList","@id":"https:\/\/globalendar.com\/it\/calendario-aprile-2024-da-stampare\/modello-10-aprile-2024\/#breadcrumb","itemListElement":[{"@type":"ListItem","position":1,"name":"Portada","item":"https:\/\/globalendar.com\/it\/"},{"@type":"ListItem","position":2,"name":"Calendario Aprile 2024 da stampare","item":"https:\/\/globalendar.com\/it\/calendario-aprile-2024-da-stampare\/"},{"@type":"ListItem","position":3,"name":"Modello 10 Aprile 2024"}]},{"@type":"WebSite","@id":"https:\/\/globalendar.com\/it\/#website","url":"https:\/\/globalendar.com\/it\/","name":"Globalendar","description":"Calendarios para imprimir gratis","publisher":{"@id":"https:\/\/globalendar.com\/it\/#organization"},"potentialAction":[{"@type":"SearchAction","target":{"@type":"EntryPoint","urlTemplate":"https:\/\/globalendar.com\/it\/?s={search_term_string}"},"query-input":{"@type":"PropertyValueSpecification","valueRequired":true,"valueName":"search_term_string"}}],"inLanguage":"it-IT"},{"@type":"Organization","@id":"https:\/\/globalendar.com\/it\/#organization","name":"Globalendar","url":"https:\/\/globalendar.com\/it\/","logo":{"@type":"ImageObject","inLanguage":"it-IT","@id":"https:\/\/globalendar.com\/it\/#\/schema\/logo\/image\/","url":"https:\/\/globalendar.com\/wp-content\/uploads\/2022\/08\/Isotipo-removebg-preview.png","contentUrl":"https:\/\/globalendar.com\/wp-content\/uploads\/2022\/08\/Isotipo-removebg-preview.png","width":163,"height":164,"caption":"Globalendar"},"image":{"@id":"https:\/\/globalendar.com\/it\/#\/schema\/logo\/image\/"}}]}},"_links":{"self":[{"href":"https:\/\/globalendar.com\/it\/wp-json\/wp\/v2\/pages\/37598","targetHints":{"allow":["GET"]}}],"collection":[{"href":"https:\/\/globalendar.com\/it\/wp-json\/wp\/v2\/pages"}],"about":[{"href":"https:\/\/globalendar.com\/it\/wp-json\/wp\/v2\/types\/page"}],"author":[{"embeddable":true,"href":"https:\/\/globalendar.com\/it\/wp-json\/wp\/v2\/users\/32"}],"replies":[{"embeddable":true,"href":"https:\/\/globalendar.com\/it\/wp-json\/wp\/v2\/comments?post=37598"}],"version-history":[{"count":1,"href":"https:\/\/globalendar.com\/it\/wp-json\/wp\/v2\/pages\/37598\/revisions"}],"predecessor-version":[{"id":37642,"href":"https:\/\/globalendar.com\/it\/wp-json\/wp\/v2\/pages\/37598\/revisions\/37642"}],"up":[{"embeddable":true,"href":"https:\/\/globalendar.com\/it\/wp-json\/wp\/v2\/pages\/37587"}],"wp:featuredmedia":[{"embeddable":true,"href":"https:\/\/globalendar.com\/it\/wp-json\/wp\/v2\/media\/37613"}],"wp:attachment":[{"href":"https:\/\/globalendar.com\/it\/wp-json\/wp\/v2\/media?parent=37598"}],"curies":[{"name":"wp","href":"https:\/\/api.w.org\/{rel}","templated":true}]}}