{"id":11770,"date":"2022-12-14T12:22:18","date_gmt":"2022-12-14T12:22:18","guid":{"rendered":"https:\/\/globalendar.com\/?page_id=11770"},"modified":"2023-07-25T17:49:55","modified_gmt":"2023-07-25T17:49:55","slug":"quem-somos","status":"publish","type":"page","link":"https:\/\/globalendar.com\/pt-pt\/quem-somos\/","title":{"rendered":"Quem somos"},"content":{"rendered":"<style>.kb-row-layout-id_927e12-c1 > .kt-row-column-wrap{align-content:center;}:where(.kb-row-layout-id_927e12-c1 > .kt-row-column-wrap) > .wp-block-kadence-column{justify-content:center;}.kb-row-layout-id_927e12-c1 > .kt-row-column-wrap{column-gap:80px;row-gap:var(--global-kb-gap-md, 2rem);padding-top:50px;padding-bottom:100px;grid-template-columns:minmax(0, calc(55% - ((80px * 1 )\/2)))minmax(0, calc(45% - ((80px * 1 )\/2)));}.kb-row-layout-id_927e12-c1 > .kt-row-layout-overlay{opacity:0.30;}@media all and (max-width: 1024px){.kb-row-layout-id_927e12-c1 > .kt-row-column-wrap{grid-template-columns:repeat(2, minmax(0, 1fr));}}@media all and (max-width: 767px){.kb-row-layout-id_927e12-c1 > .kt-row-column-wrap{grid-template-columns:minmax(0, 1fr);}}<\/style><div class=\"kb-row-layout-wrap kb-row-layout-id_927e12-c1 alignnone wp-block-kadence-rowlayout\"><div class=\"kt-row-column-wrap kt-has-2-columns kt-row-layout-equal kt-tab-layout-inherit kt-mobile-layout-row kt-row-valign-middle\">\n<style>.kadence-column_eea2c9-91 > .kt-inside-inner-col,.kadence-column_eea2c9-91 > .kt-inside-inner-col:before{border-top-left-radius:0px;border-top-right-radius:0px;border-bottom-right-radius:0px;border-bottom-left-radius:0px;}.kadence-column_eea2c9-91 > .kt-inside-inner-col{column-gap:var(--global-kb-gap-sm, 1rem);}.kadence-column_eea2c9-91 > .kt-inside-inner-col{flex-direction:column;}.kadence-column_eea2c9-91 > .kt-inside-inner-col > .aligncenter{width:100%;}.kadence-column_eea2c9-91 > .kt-inside-inner-col:before{opacity:0.3;}.kadence-column_eea2c9-91{position:relative;}@media all and (max-width: 1024px){.kadence-column_eea2c9-91 > .kt-inside-inner-col{flex-direction:column;justify-content:center;}}@media all and (max-width: 767px){.kadence-column_eea2c9-91 > .kt-inside-inner-col{flex-direction:column;justify-content:center;}}<\/style>\n<div class=\"wp-block-kadence-column kadence-column_eea2c9-91 inner-column-1\"><div class=\"kt-inside-inner-col\">\n<figure class=\"wp-block-image size-large\"><img loading=\"lazy\" decoding=\"async\" width=\"1024\" height=\"683\" src=\"https:\/\/globalendar.com\/wp-content\/uploads\/2022\/12\/carrusel_3-1-1024x683.jpg\" alt=\"\" class=\"wp-image-1231\" srcset=\"https:\/\/globalendar.com\/wp-content\/uploads\/2022\/12\/carrusel_3-1-1024x683.jpg 1024w, https:\/\/globalendar.com\/wp-content\/uploads\/2022\/12\/carrusel_3-1-1200x800.jpg 1200w, https:\/\/globalendar.com\/wp-content\/uploads\/2022\/12\/carrusel_3-1-300x200.jpg 300w, https:\/\/globalendar.com\/wp-content\/uploads\/2022\/12\/carrusel_3-1-768x512.jpg 768w, https:\/\/globalendar.com\/wp-content\/uploads\/2022\/12\/carrusel_3-1-1536x1025.jpg 1536w, https:\/\/globalendar.com\/wp-content\/uploads\/2022\/12\/carrusel_3-1.jpg 2000w\" sizes=\"auto, (max-width: 1024px) 100vw, 1024px\" \/><\/figure>\n<\/div><\/div>\n\n\n<style>.kadence-column_0f66ed-f9 > .kt-inside-inner-col{padding-top:50px;padding-right:50px;padding-bottom:50px;padding-left:50px;}.kadence-column_0f66ed-f9 > .kt-inside-inner-col,.kadence-column_0f66ed-f9 > .kt-inside-inner-col:before{border-top-left-radius:0px;border-top-right-radius:0px;border-bottom-right-radius:0px;border-bottom-left-radius:0px;}.kadence-column_0f66ed-f9 > .kt-inside-inner-col{column-gap:var(--global-kb-gap-sm, 1rem);}.kadence-column_0f66ed-f9 > .kt-inside-inner-col{flex-direction:column;}.kadence-column_0f66ed-f9 > .kt-inside-inner-col > .aligncenter{width:100%;}.kadence-column_0f66ed-f9 > .kt-inside-inner-col:before{opacity:0.3;}.kadence-column_0f66ed-f9{position:relative;}@media all and (max-width: 1024px){.kadence-column_0f66ed-f9 > .kt-inside-inner-col{flex-direction:column;justify-content:center;}}@media all and (max-width: 767px){.kadence-column_0f66ed-f9 > .kt-inside-inner-col{flex-direction:column;justify-content:center;}}<\/style>\n<div class=\"wp-block-kadence-column kadence-column_0f66ed-f9 inner-column-2\"><div class=\"kt-inside-inner-col\"><style>.wp-block-kadence-advancedheading.kt-adv-heading_7cf970-57, .wp-block-kadence-advancedheading.kt-adv-heading_7cf970-57[data-kb-block=\"kb-adv-heading_7cf970-57\"]{padding-bottom:30px;text-align:center;font-style:normal;}.wp-block-kadence-advancedheading.kt-adv-heading_7cf970-57 mark.kt-highlight, .wp-block-kadence-advancedheading.kt-adv-heading_7cf970-57[data-kb-block=\"kb-adv-heading_7cf970-57\"] mark.kt-highlight{font-style:normal;color:#f76a0c;-webkit-box-decoration-break:clone;box-decoration-break:clone;padding-top:0px;padding-right:0px;padding-bottom:0px;padding-left:0px;}<\/style>\n<h1 class=\"kt-adv-heading_7cf970-57 wp-block-kadence-advancedheading\" data-kb-block=\"kb-adv-heading_7cf970-57\">Globalendar, uma ideia tornada realidade<\/h1>\n\n\n\n<p>Globalendar \u00e9 composto por uma equipe de designers e programadores que trabalham juntos para oferecer gratuitamente conte\u00fado relacionado \u00e0 impress\u00e3o e download de calend\u00e1rios.<\/p>\n\n\n\n<p>Desde o surgimento da ideia, n\u00e3o paramos de trabalhar no projeto para aprimor\u00e1-lo da melhor maneira poss\u00edvel.<\/p>\n\n\n\n<p>No Globalendar, voc\u00ea pode baixar calend\u00e1rios mensais para imprimir e preencher, os quais voc\u00ea pode pendurar em seu quarto e organizar o seu dia a dia. Al\u00e9m disso, tamb\u00e9m \u00e9 poss\u00edvel baixar calend\u00e1rios de diferentes pa\u00edses e cidades da Espanha, que \u00e9 onde o projeto nasceu.<\/p>\n<\/div><\/div>\n\n<\/div><\/div>","protected":false},"excerpt":{"rendered":"<p>Globalendar, uma ideia tornada realidade Globalendar \u00e9 composto por uma equipe de designers e programadores que trabalham juntos para oferecer gratuitamente conte\u00fado relacionado \u00e0 impress\u00e3o e download de calend\u00e1rios. Desde o surgimento da ideia, n\u00e3o paramos de trabalhar no projeto para aprimor\u00e1-lo da melhor maneira poss\u00edvel. No Globalendar, voc\u00ea pode baixar calend\u00e1rios mensais para imprimir&#8230;<\/p>\n","protected":false},"author":32,"featured_media":0,"parent":0,"menu_order":0,"comment_status":"closed","ping_status":"closed","template":"","meta":{"_eb_attr":"","_kad_post_transparent":"","_kad_post_title":"","_kad_post_layout":"","_kad_post_sidebar_id":"","_kad_post_content_style":"","_kad_post_vertical_padding":"","_kad_post_feature":"","_kad_post_feature_position":"","_kad_post_header":false,"_kad_post_footer":false,"_kad_post_classname":"","footnotes":""},"class_list":["post-11770","page","type-page","status-publish","hentry"],"yoast_head":"<!-- This site is optimized with the Yoast SEO plugin v26.6 - https:\/\/yoast.com\/wordpress\/plugins\/seo\/ -->\n<title>\u25b7 Quem somos<\/title>\n<meta name=\"description\" content=\"Na Globalendar temos os melhores calend\u00e1rios mensais para imprimir e Wallpapers totalmente gr\u00e1tis em PDF.\" \/>\n<meta name=\"robots\" content=\"index, follow, max-snippet:-1, max-image-preview:large, max-video-preview:-1\" \/>\n<link rel=\"canonical\" href=\"https:\/\/globalendar.com\/pt-pt\/quem-somos\/\" \/>\n<meta property=\"og:locale\" content=\"pt_PT\" \/>\n<meta property=\"og:type\" content=\"article\" \/>\n<meta property=\"og:title\" content=\"\u25b7 Quem somos\" \/>\n<meta property=\"og:description\" content=\"Na Globalendar temos os melhores calend\u00e1rios mensais para imprimir e Wallpapers totalmente gr\u00e1tis em PDF.\" \/>\n<meta property=\"og:url\" content=\"https:\/\/globalendar.com\/pt-pt\/quem-somos\/\" \/>\n<meta property=\"og:site_name\" content=\"Globalendar\" \/>\n<meta property=\"article:modified_time\" content=\"2023-07-25T17:49:55+00:00\" \/>\n<meta property=\"og:image\" content=\"https:\/\/globalendar.com\/wp-content\/uploads\/2022\/12\/carrusel_3-1-1024x683.jpg\" \/>\n<meta name=\"twitter:card\" content=\"summary_large_image\" \/>\n<meta name=\"twitter:label1\" content=\"Tempo estimado de leitura\" \/>\n\t<meta name=\"twitter:data1\" content=\"1 minuto\" \/>\n<script type=\"application\/ld+json\" class=\"yoast-schema-graph\">{\"@context\":\"https:\/\/schema.org\",\"@graph\":[{\"@type\":\"WebPage\",\"@id\":\"https:\/\/globalendar.com\/pt-pt\/quem-somos\/\",\"url\":\"https:\/\/globalendar.com\/pt-pt\/quem-somos\/\",\"name\":\"\u25b7 Quem somos\",\"isPartOf\":{\"@id\":\"https:\/\/globalendar.com\/pt-pt\/#website\"},\"primaryImageOfPage\":{\"@id\":\"https:\/\/globalendar.com\/pt-pt\/quem-somos\/#primaryimage\"},\"image\":{\"@id\":\"https:\/\/globalendar.com\/pt-pt\/quem-somos\/#primaryimage\"},\"thumbnailUrl\":\"https:\/\/globalendar.com\/wp-content\/uploads\/2022\/12\/carrusel_3-1-1024x683.jpg\",\"datePublished\":\"2022-12-14T12:22:18+00:00\",\"dateModified\":\"2023-07-25T17:49:55+00:00\",\"description\":\"Na Globalendar temos os melhores calend\u00e1rios mensais para imprimir e Wallpapers totalmente gr\u00e1tis em PDF.\",\"breadcrumb\":{\"@id\":\"https:\/\/globalendar.com\/pt-pt\/quem-somos\/#breadcrumb\"},\"inLanguage\":\"pt-PT\",\"potentialAction\":[{\"@type\":\"ReadAction\",\"target\":[\"https:\/\/globalendar.com\/pt-pt\/quem-somos\/\"]}]},{\"@type\":\"ImageObject\",\"inLanguage\":\"pt-PT\",\"@id\":\"https:\/\/globalendar.com\/pt-pt\/quem-somos\/#primaryimage\",\"url\":\"https:\/\/globalendar.com\/wp-content\/uploads\/2022\/12\/carrusel_3-1-1024x683.jpg\",\"contentUrl\":\"https:\/\/globalendar.com\/wp-content\/uploads\/2022\/12\/carrusel_3-1-1024x683.jpg\"},{\"@type\":\"BreadcrumbList\",\"@id\":\"https:\/\/globalendar.com\/pt-pt\/quem-somos\/#breadcrumb\",\"itemListElement\":[{\"@type\":\"ListItem\",\"position\":1,\"name\":\"Portada\",\"item\":\"https:\/\/globalendar.com\/pt-pt\/\"},{\"@type\":\"ListItem\",\"position\":2,\"name\":\"Quem somos\"}]},{\"@type\":\"WebSite\",\"@id\":\"https:\/\/globalendar.com\/pt-pt\/#website\",\"url\":\"https:\/\/globalendar.com\/pt-pt\/\",\"name\":\"Globalendar\",\"description\":\"Calendarios para imprimir gratis\",\"publisher\":{\"@id\":\"https:\/\/globalendar.com\/pt-pt\/#organization\"},\"potentialAction\":[{\"@type\":\"SearchAction\",\"target\":{\"@type\":\"EntryPoint\",\"urlTemplate\":\"https:\/\/globalendar.com\/pt-pt\/?s={search_term_string}\"},\"query-input\":{\"@type\":\"PropertyValueSpecification\",\"valueRequired\":true,\"valueName\":\"search_term_string\"}}],\"inLanguage\":\"pt-PT\"},{\"@type\":\"Organization\",\"@id\":\"https:\/\/globalendar.com\/pt-pt\/#organization\",\"name\":\"Globalendar\",\"url\":\"https:\/\/globalendar.com\/pt-pt\/\",\"logo\":{\"@type\":\"ImageObject\",\"inLanguage\":\"pt-PT\",\"@id\":\"https:\/\/globalendar.com\/pt-pt\/#\/schema\/logo\/image\/\",\"url\":\"https:\/\/globalendar.com\/wp-content\/uploads\/2022\/08\/Isotipo-removebg-preview.png\",\"contentUrl\":\"https:\/\/globalendar.com\/wp-content\/uploads\/2022\/08\/Isotipo-removebg-preview.png\",\"width\":163,\"height\":164,\"caption\":\"Globalendar\"},\"image\":{\"@id\":\"https:\/\/globalendar.com\/pt-pt\/#\/schema\/logo\/image\/\"}}]}<\/script>\n<!-- \/ Yoast SEO plugin. -->","yoast_head_json":{"title":"\u25b7 Quem somos","description":"Na Globalendar temos os melhores calend\u00e1rios mensais para imprimir e Wallpapers totalmente gr\u00e1tis em PDF.","robots":{"index":"index","follow":"follow","max-snippet":"max-snippet:-1","max-image-preview":"max-image-preview:large","max-video-preview":"max-video-preview:-1"},"canonical":"https:\/\/globalendar.com\/pt-pt\/quem-somos\/","og_locale":"pt_PT","og_type":"article","og_title":"\u25b7 Quem somos","og_description":"Na Globalendar temos os melhores calend\u00e1rios mensais para imprimir e Wallpapers totalmente gr\u00e1tis em PDF.","og_url":"https:\/\/globalendar.com\/pt-pt\/quem-somos\/","og_site_name":"Globalendar","article_modified_time":"2023-07-25T17:49:55+00:00","og_image":[{"url":"https:\/\/globalendar.com\/wp-content\/uploads\/2022\/12\/carrusel_3-1-1024x683.jpg","type":"","width":"","height":""}],"twitter_card":"summary_large_image","twitter_misc":{"Tempo estimado de leitura":"1 minuto"},"schema":{"@context":"https:\/\/schema.org","@graph":[{"@type":"WebPage","@id":"https:\/\/globalendar.com\/pt-pt\/quem-somos\/","url":"https:\/\/globalendar.com\/pt-pt\/quem-somos\/","name":"\u25b7 Quem somos","isPartOf":{"@id":"https:\/\/globalendar.com\/pt-pt\/#website"},"primaryImageOfPage":{"@id":"https:\/\/globalendar.com\/pt-pt\/quem-somos\/#primaryimage"},"image":{"@id":"https:\/\/globalendar.com\/pt-pt\/quem-somos\/#primaryimage"},"thumbnailUrl":"https:\/\/globalendar.com\/wp-content\/uploads\/2022\/12\/carrusel_3-1-1024x683.jpg","datePublished":"2022-12-14T12:22:18+00:00","dateModified":"2023-07-25T17:49:55+00:00","description":"Na Globalendar temos os melhores calend\u00e1rios mensais para imprimir e Wallpapers totalmente gr\u00e1tis em PDF.","breadcrumb":{"@id":"https:\/\/globalendar.com\/pt-pt\/quem-somos\/#breadcrumb"},"inLanguage":"pt-PT","potentialAction":[{"@type":"ReadAction","target":["https:\/\/globalendar.com\/pt-pt\/quem-somos\/"]}]},{"@type":"ImageObject","inLanguage":"pt-PT","@id":"https:\/\/globalendar.com\/pt-pt\/quem-somos\/#primaryimage","url":"https:\/\/globalendar.com\/wp-content\/uploads\/2022\/12\/carrusel_3-1-1024x683.jpg","contentUrl":"https:\/\/globalendar.com\/wp-content\/uploads\/2022\/12\/carrusel_3-1-1024x683.jpg"},{"@type":"BreadcrumbList","@id":"https:\/\/globalendar.com\/pt-pt\/quem-somos\/#breadcrumb","itemListElement":[{"@type":"ListItem","position":1,"name":"Portada","item":"https:\/\/globalendar.com\/pt-pt\/"},{"@type":"ListItem","position":2,"name":"Quem somos"}]},{"@type":"WebSite","@id":"https:\/\/globalendar.com\/pt-pt\/#website","url":"https:\/\/globalendar.com\/pt-pt\/","name":"Globalendar","description":"Calendarios para imprimir gratis","publisher":{"@id":"https:\/\/globalendar.com\/pt-pt\/#organization"},"potentialAction":[{"@type":"SearchAction","target":{"@type":"EntryPoint","urlTemplate":"https:\/\/globalendar.com\/pt-pt\/?s={search_term_string}"},"query-input":{"@type":"PropertyValueSpecification","valueRequired":true,"valueName":"search_term_string"}}],"inLanguage":"pt-PT"},{"@type":"Organization","@id":"https:\/\/globalendar.com\/pt-pt\/#organization","name":"Globalendar","url":"https:\/\/globalendar.com\/pt-pt\/","logo":{"@type":"ImageObject","inLanguage":"pt-PT","@id":"https:\/\/globalendar.com\/pt-pt\/#\/schema\/logo\/image\/","url":"https:\/\/globalendar.com\/wp-content\/uploads\/2022\/08\/Isotipo-removebg-preview.png","contentUrl":"https:\/\/globalendar.com\/wp-content\/uploads\/2022\/08\/Isotipo-removebg-preview.png","width":163,"height":164,"caption":"Globalendar"},"image":{"@id":"https:\/\/globalendar.com\/pt-pt\/#\/schema\/logo\/image\/"}}]}},"_links":{"self":[{"href":"https:\/\/globalendar.com\/pt-pt\/wp-json\/wp\/v2\/pages\/11770","targetHints":{"allow":["GET"]}}],"collection":[{"href":"https:\/\/globalendar.com\/pt-pt\/wp-json\/wp\/v2\/pages"}],"about":[{"href":"https:\/\/globalendar.com\/pt-pt\/wp-json\/wp\/v2\/types\/page"}],"author":[{"embeddable":true,"href":"https:\/\/globalendar.com\/pt-pt\/wp-json\/wp\/v2\/users\/32"}],"replies":[{"embeddable":true,"href":"https:\/\/globalendar.com\/pt-pt\/wp-json\/wp\/v2\/comments?post=11770"}],"version-history":[{"count":1,"href":"https:\/\/globalendar.com\/pt-pt\/wp-json\/wp\/v2\/pages\/11770\/revisions"}],"predecessor-version":[{"id":11771,"href":"https:\/\/globalendar.com\/pt-pt\/wp-json\/wp\/v2\/pages\/11770\/revisions\/11771"}],"wp:attachment":[{"href":"https:\/\/globalendar.com\/pt-pt\/wp-json\/wp\/v2\/media?parent=11770"}],"curies":[{"name":"wp","href":"https:\/\/api.w.org\/{rel}","templated":true}]}}